{"id":10189,"date":"2024-11-01T14:01:52","date_gmt":"2024-11-01T06:01:52","guid":{"rendered":"https:\/\/reemanbot.com\/kalip-fabrikasi-kasasi\/"},"modified":"2024-12-18T19:55:19","modified_gmt":"2024-12-18T11:55:19","slug":"kalip-fabrikasi-kasasi","status":"publish","type":"page","link":"https:\/\/reemanbot.com\/tr\/kalip-fabrikasi-kasasi\/","title":{"rendered":"Kal\u0131p Fabrikas\u0131 Kasas\u0131"},"content":{"rendered":"\t\t<div data-elementor-type=\"wp-page\" data-elementor-id=\"10189\" class=\"elementor elementor-10189 elementor-6634\">\n\t\t\t\t<div class=\"elementor-element elementor-element-b093ca0 e-flex e-con-boxed e-con e-parent\" data-id=\"b093ca0\" data-element_type=\"container\" data-e-type=\"container\">\n\t\t\t\t\t<div class=\"e-con-inner\">\n\t\t\t\t<div class=\"elementor-element elementor-element-bd60f40 elementor-widget elementor-widget-heading\" data-id=\"bd60f40\" data-element_type=\"widget\" data-e-type=\"widget\" data-widget_type=\"heading.default\">\n\t\t\t\t\t<h1 class=\"elementor-heading-title elementor-size-default\">Kal\u0131p Fabrikas\u0131nda Verimlilik \u0130yile\u015ftirmesi: B\u00fcy\u00fck K\u00f6pek Do\u011fum Robotlar\u0131n\u0131n Uygulamas\u0131<\/h1>\t\t\t\t<\/div>\n\t\t\t\t<div class=\"elementor-element elementor-element-58f9e7b elementor-widget elementor-widget-text-editor\" data-id=\"58f9e7b\" data-element_type=\"widget\" data-e-type=\"widget\" data-widget_type=\"text-editor.default\">\n\t\t\t\t\t\t\t\t\t<p><iframe src=\"https:\/\/www.youtube.com\/embed\/NrgL76qQYCY\" width=\"560\" height=\"550\" frameborder=\"0\" allowfullscreen=\"allowfullscreen\"><\/iframe><br>&nbsp; &nbsp; Giderek daha rekabet\u00e7i hale gelen imalat end\u00fcstrisinde, \u00fcretim verimlili\u011fini art\u0131rmak her \u015firket i\u00e7in en \u00f6nemli \u00f6nceliktir. Son zamanlarda, bir kal\u0131p fabrikas\u0131, Reeman&#8217;\u0131n Big Dog teslimat robotunu tan\u0131tarak plastik hammaddelerin (peletler) i\u015flenmesinde kar\u015f\u0131la\u015f\u0131lan zorluklar\u0131 ba\u015far\u0131yla \u00e7\u00f6zd\u00fc ve b\u00f6ylece \u00f6nemli verimlilik iyile\u015ftirmeleri elde etti. <\/p>\n<h4>Vaka Arka Plan\u0131<\/h4>\n<p>&nbsp; &nbsp; Bu kal\u0131p fabrikas\u0131n\u0131n \u00fcretim ortam\u0131 karma\u015f\u0131kt\u0131r, geni\u015f bir alan\u0131 kaplar ve birden fazla kat i\u00e7erir. Geleneksel olarak, i\u015f\u00e7iler b\u00fcy\u00fck miktarda plastik peleti manuel olarak i\u015flemek zorundayd\u0131, bu da yaln\u0131zca zaman al\u0131c\u0131 olmakla kalm\u0131yor, ayn\u0131 zamanda operasyonel riskleri de art\u0131r\u0131yordu. Ta\u015f\u0131ma s\u00fcrecini optimize etmek ve \u00fcretim verimlili\u011fini art\u0131rmak i\u00e7in fabrika y\u00f6netimi otomatik bir \u00e7\u00f6z\u00fcm aramaya karar verdi.  <\/p>\n<h4>AMR Robotlar\u0131n\u0131n Tan\u0131t\u0131m\u0131<\/h4>\n<p>&nbsp; &nbsp; Detayl\u0131 bir de\u011ferlendirmenin ard\u0131ndan fabrika, Reeman&#8217;\u0131n AMR robotlar\u0131n\u0131 (Otomatik Mobil Robot) se\u00e7ti. Bu karar, Reeman&#8217;\u0131n sekt\u00f6rdeki ola\u011fan\u00fcst\u00fc performans\u0131na ve karma\u015f\u0131k ortamlara uyarlanabilirli\u011fine dayan\u0131yordu. Big Dog teslimat robotu, fabrikan\u0131n ihtiya\u00e7lar\u0131n\u0131 m\u00fckemmel bir \u015fekilde kar\u015f\u0131layan a\u011f\u0131r ve b\u00fcy\u00fck hacimli malzemeleri i\u015flemek i\u00e7in tasarlanm\u0131\u015ft\u0131r.  <\/p>\n<h4>\u00dcretim Sorunlar\u0131n\u0131 \u00c7\u00f6zmede Ba\u015far\u0131<\/h4>\n<p>&nbsp; &nbsp; Big Dog teslimat robotunun piyasaya s\u00fcr\u00fclmesinden sonra, kal\u0131p fabrikas\u0131n\u0131n i\u015fleyi\u015finde \u00f6nemli bir de\u011fi\u015fiklik oldu. Robot, farkl\u0131 katlar aras\u0131nda esnek bir \u015fekilde hareket edebilir, plastik peletleri gerekli yerlere otomatik olarak ta\u015f\u0131yabilir ve b\u00f6ylece \u00e7al\u0131\u015fanlar\u0131n nakliye i\u00e7in harcad\u0131klar\u0131 zaman\u0131 \u00f6nemli \u00f6l\u00e7\u00fcde azaltabilir. \u0130\u015fte \u00f6ne \u00e7\u0131kan ba\u015far\u0131l\u0131 performanslar:  <\/p>\n<p>1. Verimlilik \u0130yile\u015ftirme: Birka\u00e7 AMR robotu ile fabrikan\u0131n malzeme ta\u015f\u0131ma verimlili\u011fi %60 artt\u0131. \u0130\u015f\u00e7ilerin art\u0131k malzeme almak i\u00e7in s\u0131k s\u0131k katlara inip \u00e7\u0131kmas\u0131 gerekmiyor, b\u00f6ylece \u00fcretim ve denetime daha fazla zaman harc\u0131yor. <\/p>\n<p>2. G\u00fcvenlik Geli\u015ftirme: Big Dog teslimat robotu, \u00e7al\u0131\u015fanlar\u0131n nakliye s\u00fcrecinde kar\u015f\u0131la\u015fabilecekleri g\u00fcvenlik risklerini etkili bir \u015fekilde azalt\u0131r. Robotun otomatik yap\u0131s\u0131, insan hatalar\u0131ndan kaynaklanan kaza olas\u0131l\u0131\u011f\u0131n\u0131 azalt\u0131r. <\/p>\n<p>3. \u0130nsan Kaynaklar\u0131 Optimizasyonu: Robotlar, tekrarlayan i\u015fleme g\u00f6revlerini devralarak \u00e7al\u0131\u015fanlar\u0131n teknik olarak daha zorlu i\u015flere ge\u00e7melerini sa\u011flar. \u0130nsan kaynaklar\u0131n\u0131n bu rasyonel tahsisi sadece i\u015f verimlili\u011fini art\u0131rmakla kalmaz, ayn\u0131 zamanda \u00e7al\u0131\u015fanlar aras\u0131nda i\u015f memnuniyetini de art\u0131r\u0131r. <\/p>\n<p>4. \u0130\u015fletme Maliyetinin Azalt\u0131lmas\u0131: \u0130\u015f\u00e7ilik maliyetlerini d\u00fc\u015f\u00fcr\u00fcrken, fabrikan\u0131n genel operasyonel verimlili\u011fi de iyile\u015ftirildi ve bu da daha y\u00fcksek bir yat\u0131r\u0131m getirisi sa\u011flad\u0131.<\/p>\n<h4>&nbsp;Yat\u0131r\u0131mc\u0131lar ve Giri\u015fimciler i\u00e7in F\u0131rsatlar<\/h4>\n<p>&nbsp; &nbsp; \u00dcretim verimlili\u011fini art\u0131rmay\u0131 ve maliyetleri d\u00fc\u015f\u00fcrmeyi d\u00fc\u015f\u00fcnen i\u015fletmeler i\u00e7in Reeman&#8217;\u0131n AMR robotlar\u0131na yat\u0131r\u0131m yapmak ak\u0131ll\u0131ca bir se\u00e7imdir. Reeman&#8217;\u0131n Big Dog teslimat robotu, otomatik ta\u015f\u0131ma yoluyla yaln\u0131zca mevcut sorunlar\u0131 \u00e7\u00f6zmekle kalmaz, ayn\u0131 zamanda gelecekteki operasyonlarda i\u015fletmelere ekonomik faydalar sa\u011flamaya devam eder. Yat\u0131r\u0131mc\u0131lar ve giri\u015fimciler, ak\u0131ll\u0131 ekipmanlar\u0131n uygulanmas\u0131n\u0131n imalat sanayinin geli\u015fimi i\u00e7in \u00f6nemli bir y\u00f6n olaca\u011f\u0131n\u0131 g\u00f6rmelidir.  <\/p>\n<p>&nbsp; &nbsp; \u00d6zetle, Reeman&#8217;\u0131n Big Dog teslimat robotu, kal\u0131p fabrikas\u0131n\u0131n plastik hammadde ta\u015f\u0131ma sorununu \u00e7\u00f6zmesine ba\u015far\u0131yla yard\u0131mc\u0131 oldu ve \u00fcretim verimlili\u011fini \u00f6nemli \u00f6l\u00e7\u00fcde art\u0131rd\u0131. Bu ba\u015far\u0131l\u0131 vaka, yaln\u0131zca AMR robotlar\u0131n\u0131n m\u00fckemmel performans\u0131n\u0131 g\u00f6stermekle kalm\u0131yor, ayn\u0131 zamanda di\u011fer \u015firketler i\u00e7in de de\u011ferli bir deneyim sa\u011fl\u0131yor. Teknolojinin s\u00fcrekli ilerlemesiyle birlikte, daha fazla \u015firket kapsaml\u0131 bir y\u00fckseltme elde etmek i\u00e7in ak\u0131ll\u0131 cihazlar\u0131 kullanabilecek.  <\/p>\t\t\t\t\t\t\t\t<\/div>\n\t\t\t\t\t<\/div>\n\t\t\t\t<\/div>\n\t\t<div class=\"elementor-element elementor-element-49439fd e-flex e-con-boxed e-con e-parent\" data-id=\"49439fd\" data-element_type=\"container\" data-e-type=\"container\">\n\t\t\t\t\t<div class=\"e-con-inner\">\n\t\t<div class=\"elementor-element elementor-element-14fa9d5 e-con-full e-flex e-con e-child\" data-id=\"14fa9d5\" data-element_type=\"container\" data-e-type=\"container\">\n\t\t\t\t<div class=\"elementor-element elementor-element-d394b31 elementor-widget elementor-widget-button\" data-id=\"d394b31\" data-element_type=\"widget\" data-e-type=\"widget\" data-widget_type=\"button.default\">\n\t\t\t\t\t\t\t\t\t\t<a class=\"elementor-button elementor-button-link elementor-size-sm\" href=\"https:\/\/reemanbot.com\/tr\/konfeksiyon-fabrikasi-kasasi\/\">\n\t\t\t\t\t\t<span class=\"elementor-button-content-wrapper\">\n\t\t\t\t\t\t<span class=\"elementor-button-icon\">\n\t\t\t\t<svg aria-hidden=\"true\" class=\"e-font-icon-svg e-fas-arrow-left\" viewBox=\"0 0 448 512\" xmlns=\"http:\/\/www.w3.org\/2000\/svg\"><path d=\"M257.5 445.1l-22.2 22.2c-9.4 9.4-24.6 9.4-33.9 0L7 273c-9.4-9.4-9.4-24.6 0-33.9L201.4 44.7c9.4-9.4 24.6-9.4 33.9 0l22.2 22.2c9.5 9.5 9.3 25-.4 34.3L136.6 216H424c13.3 0 24 10.7 24 24v32c0 13.3-10.7 24-24 24H136.6l120.5 114.8c9.8 9.3 10 24.8.4 34.3z\"><\/path><\/svg>\t\t\t<\/span>\n\t\t\t\t\t\t\t\t\t<span class=\"elementor-button-text\">\u00d6nceki<\/span>\n\t\t\t\t\t<\/span>\n\t\t\t\t\t<\/a>\n\t\t\t\t\t\t\t\t<\/div>\n\t\t\t\t<\/div>\n\t\t<div class=\"elementor-element elementor-element-5aeeaf3 e-con-full e-flex e-con e-child\" data-id=\"5aeeaf3\" data-element_type=\"container\" data-e-type=\"container\">\n\t\t\t\t<\/div>\n\t\t<div class=\"elementor-element elementor-element-7fb2d3e e-con-full e-flex e-con e-child\" data-id=\"7fb2d3e\" data-element_type=\"container\" data-e-type=\"container\">\n\t\t\t\t<\/div>\n\t\t<div class=\"elementor-element elementor-element-0900c45 e-con-full e-flex e-con e-child\" data-id=\"0900c45\" data-element_type=\"container\" data-e-type=\"container\">\n\t\t\t\t<div class=\"elementor-element elementor-element-24912ea elementor-widget elementor-widget-button\" data-id=\"24912ea\" data-element_type=\"widget\" data-e-type=\"widget\" data-widget_type=\"button.default\">\n\t\t\t\t\t\t\t\t\t\t<a class=\"elementor-button elementor-button-link elementor-size-sm\" href=\"#\">\n\t\t\t\t\t\t<span class=\"elementor-button-content-wrapper\">\n\t\t\t\t\t\t<span class=\"elementor-button-icon\">\n\t\t\t\t<svg aria-hidden=\"true\" class=\"e-font-icon-svg e-fas-arrow-right\" viewBox=\"0 0 448 512\" xmlns=\"http:\/\/www.w3.org\/2000\/svg\"><path d=\"M190.5 66.9l22.2-22.2c9.4-9.4 24.6-9.4 33.9 0L441 239c9.4 9.4 9.4 24.6 0 33.9L246.6 467.3c-9.4 9.4-24.6 9.4-33.9 0l-22.2-22.2c-9.5-9.5-9.3-25 .4-34.3L311.4 296H24c-13.3 0-24-10.7-24-24v-32c0-13.3 10.7-24 24-24h287.4L190.9 101.2c-9.8-9.3-10-24.8-.4-34.3z\"><\/path><\/svg>\t\t\t<\/span>\n\t\t\t\t\t\t\t\t\t<span class=\"elementor-button-text\">\u00d6n\u00fcm\u00fczdeki<\/span>\n\t\t\t\t\t<\/span>\n\t\t\t\t\t<\/a>\n\t\t\t\t\t\t\t\t<\/div>\n\t\t\t\t<\/div>\n\t\t\t\t\t<\/div>\n\t\t\t\t<\/div>\n\t\t\t\t<\/div>\n\t\t","protected":false},"excerpt":{"rendered":"<p>Kal\u0131p Fabrikas\u0131nda Verimlilik \u0130yile\u015ftirmesi: B\u00fcy\u00fck K\u00f6pek Do\u011fum Robotlar\u0131n\u0131n Uygulamas\u0131 &nbsp; &nbsp; Giderek daha rekabet\u00e7i hale gelen imalat end\u00fcstrisinde, \u00fcretim verimlili\u011fini [&hellip;]<\/p>\n","protected":false},"author":247580900,"featured_media":0,"parent":0,"menu_order":0,"comment_status":"closed","ping_status":"closed","template":"","meta":{"_crdt_document":"","om_disable_all_campaigns":false,"_uag_custom_page_level_css":"","advgb_blocks_editor_width":"","advgb_blocks_columns_visual_guide":"","site-sidebar-layout":"no-sidebar","site-content-layout":"","ast-site-content-layout":"full-width-container","site-content-style":"default","site-sidebar-style":"default","ast-global-header-display":"","ast-banner-title-visibility":"","ast-main-header-display":"","ast-hfb-above-header-display":"","ast-hfb-below-header-display":"","ast-hfb-mobile-header-display":"","site-post-title":"disabled","ast-breadcrumbs-content":"","ast-featured-img":"disabled","footer-sml-layout":"","theme-transparent-header-meta":"default","adv-header-id-meta":"","stick-header-meta":"","header-above-stick-meta":"","header-main-stick-meta":"","header-below-stick-meta":"","astra-migrate-meta-layouts":"default","ast-page-background-enabled":"default","ast-page-background-meta":{"desktop":{"background-color":"var(--ast-global-color-4)","background-image":"","background-repeat":"repeat","background-position":"center center","background-size":"auto","background-attachment":"scroll","background-type":"","background-media":"","overlay-type":"","overlay-color":"","overlay-opacity":"","overlay-gradient":""},"tablet":{"background-color":"","background-image":"","background-repeat":"repeat","background-position":"center center","background-size":"auto","background-attachment":"scroll","background-type":"","background-media":"","overlay-type":"","overlay-color":"","overlay-opacity":"","overlay-gradient":""},"mobile":{"background-color":"","background-image":"","background-repeat":"repeat","background-position":"center center","background-size":"auto","background-attachment":"scroll","background-type":"","background-media":"","overlay-type":"","overlay-color":"","overlay-opacity":"","overlay-gradient":""}},"ast-content-background-meta":{"desktop":{"background-color":"var(--ast-global-color-5)","background-image":"","background-repeat":"repeat","background-position":"center center","background-size":"auto","background-attachment":"scroll","background-type":"","background-media":"","overlay-type":"","overlay-color":"","overlay-opacity":"","overlay-gradient":""},"tablet":{"background-color":"var(--ast-global-color-5)","background-image":"","background-repeat":"repeat","background-position":"center center","background-size":"auto","background-attachment":"scroll","background-type":"","background-media":"","overlay-type":"","overlay-color":"","overlay-opacity":"","overlay-gradient":""},"mobile":{"background-color":"var(--ast-global-color-5)","background-image":"","background-repeat":"repeat","background-position":"center center","background-size":"auto","background-attachment":"scroll","background-type":"","background-media":"","overlay-type":"","overlay-color":"","overlay-opacity":"","overlay-gradient":""}},"jetpack_post_was_ever_published":false,"footnotes":""},"class_list":["post-10189","page","type-page","status-publish","hentry"],"aioseo_notices":[],"uagb_featured_image_src":{"full":false,"thumbnail":false,"medium":false,"medium_large":false,"large":false,"1536x1536":false,"2048x2048":false,"newspack-article-block-landscape-large":false,"newspack-article-block-portrait-large":false,"newspack-article-block-square-large":false,"newspack-article-block-landscape-medium":false,"newspack-article-block-portrait-medium":false,"newspack-article-block-square-medium":false,"newspack-article-block-landscape-intermediate":false,"newspack-article-block-portrait-intermediate":false,"newspack-article-block-square-intermediate":false,"newspack-article-block-landscape-small":false,"newspack-article-block-portrait-small":false,"newspack-article-block-square-small":false,"newspack-article-block-landscape-tiny":false,"newspack-article-block-portrait-tiny":false,"newspack-article-block-square-tiny":false,"newspack-article-block-uncropped":false},"uagb_author_info":{"display_name":"luo shunchao","author_link":"https:\/\/reemanbot.com\/tr\/author\/luoshunchao2023\/"},"uagb_comment_info":0,"uagb_excerpt":"Kal\u0131p Fabrikas\u0131nda Verimlilik \u0130yile\u015ftirmesi: B\u00fcy\u00fck K\u00f6pek Do\u011fum Robotlar\u0131n\u0131n Uygulamas\u0131 &nbsp; &nbsp; Giderek daha rekabet\u00e7i hale gelen imalat end\u00fcstrisinde, \u00fcretim verimlili\u011fini [&hellip;]","coauthors":[],"author_meta":{"author_link":"https:\/\/reemanbot.com\/tr\/author\/luoshunchao2023\/","display_name":"luo shunchao"},"relative_dates":{"created":"Posted 1 y\u0131l ago","modified":"Updated 1 y\u0131l ago"},"absolute_dates":{"created":"Posted on 01\/11\/2024","modified":"Updated on 18\/12\/2024"},"absolute_dates_time":{"created":"Posted on 01\/11\/2024 14:01","modified":"Updated on 18\/12\/2024 19:55"},"featured_img_caption":"","featured_img":false,"series_order":"","jetpack_likes_enabled":false,"jetpack_sharing_enabled":true,"jetpack_shortlink":"https:\/\/wp.me\/PfA2Xc-2El","jetpack-related-posts":[{"id":10163,"url":"https:\/\/reemanbot.com\/tr\/konfeksiyon-fabrikasi-kasasi\/","url_meta":{"origin":10189,"position":0},"title":"Konfeksiyon Fabrikas\u0131 Kasas\u0131","author":"luo shunchao","date":"01\/11\/2024","format":false,"excerpt":"AMR robotlar\u0131, konfeksiyon fabrikas\u0131 \u00fcretim hatlar\u0131na yard\u0131mc\u0131 oluyor \u00a0 \u00a0 Modern imalat sanayinde, \u00fcretim verimlili\u011fini art\u0131rmak her \u015firketin kar\u015f\u0131 kar\u015f\u0131ya oldu\u011fu \u00f6nemli bir konudur. Bir konfeksiyon fabrikas\u0131, Reeman'\u0131n Big Dog teslimat robotunu tan\u0131tarak, \u00fcretim s\u00fcrecinde kar\u015f\u0131la\u015f\u0131lan bir\u00e7ok zorlu\u011fu ba\u015far\u0131yla \u00e7\u00f6zd\u00fc ve \u00f6nemli verimlilik iyile\u015ftirmeleri elde etti. Bu Otonom Mobil Robot\u2026","rel":"","context":"Benzer yaz\u0131","block_context":{"text":"Benzer yaz\u0131","link":""},"img":{"alt_text":"","src":"","width":0,"height":0},"classes":[]},{"id":10150,"url":"https:\/\/reemanbot.com\/tr\/dongguan-davasi\/","url_meta":{"origin":10189,"position":1},"title":"Dongguan Davas\u0131","author":"luo shunchao","date":"31\/10\/2024","format":false,"excerpt":"Ta\u015f\u0131ma robotu, ak\u0131ll\u0131 \u00fcretim s\u00fcrecini nas\u0131l ger\u00e7ekle\u015ftirdi\u011fini g\u00f6rmek i\u00e7in Dongguan PCB fabrikas\u0131nda konu\u015fland\u0131r\u0131ld\u0131! https:\/\/www.youtube.com\/watch?v=5BZpg1hIkBs ARM ta\u015f\u0131ma robotlar\u0131n\u0131n artan kullan\u0131m\u0131yla birlikte, elektronik imalat end\u00fcstrisi olsun, t\u0131bbi tedavi, end\u00fcstri ve di\u011fer alanlar, \u00e7\u00fcnk\u00fc ARM ta\u015f\u0131ma robotlar\u0131 \u00e7ok fazla i\u015f\u00e7ilik maliyetinden tasarruf edebilir, b\u00f6ylece rakamlar\u0131 giderek daha s\u0131k ortaya \u00e7\u0131kar. \u00c7in'in Guangdong Eyaleti,\u2026","rel":"","context":"Benzer yaz\u0131","block_context":{"text":"Benzer yaz\u0131","link":""},"img":{"alt_text":"","src":"","width":0,"height":0},"classes":[]},{"id":10232,"url":"https:\/\/reemanbot.com\/tr\/oyuncak-fabrikasi-davasi\/","url_meta":{"origin":10189,"position":2},"title":"Oyuncak fabrikas\u0131 davas\u0131","author":"luo shunchao","date":"01\/11\/2024","format":false,"excerpt":"Otomotiv \u0130malat\u0131nda Sinek Bot Robotlar\u0131n\u0131n Uygulama \u00d6rne\u011fi ABD'nin Los Angeles kentinde bulunan ve dahili lojistik maliyetleriyle ilgili zorluklarla kar\u015f\u0131 kar\u015f\u0131ya kalan bir otomotiv par\u00e7alar\u0131 \u00fcretim \u015firketi, teslimat s\u00fcre\u00e7lerini optimize etmek i\u00e7in Reeman'\u0131n fiy tekne ta\u015f\u0131ma robotlar\u0131n\u0131 tan\u0131tt\u0131. \u015eirketin birincil g\u00f6revi, dahili teslimat maliyetlerini azaltmakt\u0131. 400'den fazla \u00e7al\u0131\u015fan\u0131 ve 6.000 metrekarelik\u2026","rel":"","context":"Benzer yaz\u0131","block_context":{"text":"Benzer yaz\u0131","link":""},"img":{"alt_text":"","src":"","width":0,"height":0},"classes":[]},{"id":10159,"url":"https:\/\/reemanbot.com\/tr\/forkliftler-tasima-verimliligini-degistiriyor\/","url_meta":{"origin":10189,"position":3},"title":"Forkliftler ta\u015f\u0131ma verimlili\u011fini de\u011fi\u015ftiriyor","author":"luo shunchao","date":"06\/11\/2024","format":false,"excerpt":"Otomatik forkliftler fabrika elle\u00e7leme verimlili\u011fini nas\u0131l de\u011fi\u015ftirebilir? https:\/\/www.youtube.com\/watch?v=xpLqa1T4I9gFabrika Arka Plan\u0131 Fabrika 5000 metrekarelik bir alan\u0131 kaplamaktad\u0131r ve \u00f6ncelikle asans\u00f6rlerle donat\u0131lm\u0131\u015f \u00e7e\u015fitli elektronik bile\u015fenler \u00fcretmektedir. G\u00fcnl\u00fck ta\u015f\u0131ma g\u00f6revleri a\u011f\u0131rd\u0131r, forkliftler depolar ve \u00fcretim hatlar\u0131 aras\u0131nda s\u0131kl\u0131kla \u00e7al\u0131\u015f\u0131r, g\u00fcnde 100 defay\u0131 a\u015far ve tek bir yolculukta yakla\u015f\u0131k 1 ton ta\u015f\u0131r. Geleneksel forkliftler,\u2026","rel":"","context":"Benzer yaz\u0131","block_context":{"text":"Benzer yaz\u0131","link":""},"img":{"alt_text":"","src":"","width":0,"height":0},"classes":[]},{"id":10161,"url":"https:\/\/reemanbot.com\/tr\/forkliftler-fabrikalara-guc-veriyor\/","url_meta":{"origin":10189,"position":4},"title":"Forkliftler fabrikalara g\u00fc\u00e7 veriyor","author":"luo shunchao","date":"06\/11\/2024","format":false,"excerpt":"7\/24 kesintisiz \u00e7al\u0131\u015fma, Reeman forkliftleri fabrikalara g\u00fc\u00e7 veriyor https:\/\/www.youtube.com\/watch?v=LqAdlS4SnkcArka Plan Tan\u0131t\u0131m\u0131 Fabrika 48.726 metrekarelik bir alan\u0131 kaplamaktad\u0131r ve 3 katl\u0131 hammadde deposu, so\u011fuk hava deposu, 2 katl\u0131 \u00fcretim at\u00f6lyesi ve bitmi\u015f \u00fcr\u00fcn deposu olmak \u00fczere birden fazla alan\u0131 i\u00e7ermektedir. Hammadde deposu asans\u00f6rlerle donat\u0131lm\u0131\u015ft\u0131r ve her g\u00fcn s\u0131k s\u0131k ula\u015f\u0131m vard\u0131r.\u2026","rel":"","context":"Benzer yaz\u0131","block_context":{"text":"Benzer yaz\u0131","link":""},"img":{"alt_text":"","src":"","width":0,"height":0},"classes":[]},{"id":10165,"url":"https:\/\/reemanbot.com\/tr\/hindistan-ornegi\/","url_meta":{"origin":10189,"position":5},"title":"Hindistan \u00d6rne\u011fi","author":"luo shunchao","date":"01\/11\/2024","format":false,"excerpt":"Hindistan'da bir kalem fabrikas\u0131nda uygulama \u00a0 \u00a0 Hindistan'daki bir kalem \u00fcretim \u015firketi, artan \u00fcretim talepleri ve karma\u015f\u0131k i\u00e7 lojistik zorluklarla kar\u015f\u0131 kar\u015f\u0131yayd\u0131. Bu \u015firket i\u00e7in kalem bile\u015fenlerini i\u015fleme alan\u0131na teslim etmek veya depodan malzemeleri almak her zaman zahmetli bir i\u015f olmu\u015ftur. Fabrika \u015fefi, \"Fabrikadaki en hantal g\u00f6rev, \u00f6zellikle montaj alan\u0131\u2026","rel":"","context":"Benzer yaz\u0131","block_context":{"text":"Benzer yaz\u0131","link":""},"img":{"alt_text":"","src":"","width":0,"height":0},"classes":[]}],"_links":{"self":[{"href":"https:\/\/reemanbot.com\/tr\/wp-json\/wp\/v2\/pages\/10189","targetHints":{"allow":["GET"]}}],"collection":[{"href":"https:\/\/reemanbot.com\/tr\/wp-json\/wp\/v2\/pages"}],"about":[{"href":"https:\/\/reemanbot.com\/tr\/wp-json\/wp\/v2\/types\/page"}],"author":[{"embeddable":true,"href":"https:\/\/reemanbot.com\/tr\/wp-json\/wp\/v2\/users\/247580900"}],"replies":[{"embeddable":true,"href":"https:\/\/reemanbot.com\/tr\/wp-json\/wp\/v2\/comments?post=10189"}],"version-history":[{"count":1,"href":"https:\/\/reemanbot.com\/tr\/wp-json\/wp\/v2\/pages\/10189\/revisions"}],"predecessor-version":[{"id":10190,"href":"https:\/\/reemanbot.com\/tr\/wp-json\/wp\/v2\/pages\/10189\/revisions\/10190"}],"wp:attachment":[{"href":"https:\/\/reemanbot.com\/tr\/wp-json\/wp\/v2\/media?parent=10189"}],"curies":[{"name":"wp","href":"https:\/\/api.w.org\/{rel}","templated":true}]}}