{"id":10161,"date":"2024-11-06T14:10:29","date_gmt":"2024-11-06T06:10:29","guid":{"rendered":"https:\/\/reemanbot.com\/forkliftler-fabrikalara-guc-veriyor\/"},"modified":"2024-12-18T16:42:03","modified_gmt":"2024-12-18T08:42:03","slug":"forkliftler-fabrikalara-guc-veriyor","status":"publish","type":"page","link":"https:\/\/reemanbot.com\/tr\/forkliftler-fabrikalara-guc-veriyor\/","title":{"rendered":"Forkliftler fabrikalara g\u00fc\u00e7 veriyor"},"content":{"rendered":"\t\t<div data-elementor-type=\"wp-page\" data-elementor-id=\"10161\" class=\"elementor elementor-10161 elementor-7535\">\n\t\t\t\t<div class=\"elementor-element elementor-element-3ad8cb9 e-flex e-con-boxed e-con e-parent\" data-id=\"3ad8cb9\" data-element_type=\"container\" data-e-type=\"container\">\n\t\t\t\t\t<div class=\"e-con-inner\">\n\t\t\t\t<div class=\"elementor-element elementor-element-f1d36c1 elementor-widget elementor-widget-heading\" data-id=\"f1d36c1\" data-element_type=\"widget\" data-e-type=\"widget\" data-widget_type=\"heading.default\">\n\t\t\t\t\t<h2 class=\"elementor-heading-title elementor-size-default\">7\/24 kesintisiz \u00e7al\u0131\u015fma, Reeman forkliftleri fabrikalara g\u00fc\u00e7 veriyor<\/h2>\t\t\t\t<\/div>\n\t\t\t\t<div class=\"elementor-element elementor-element-179ff43 elementor-widget elementor-widget-video\" data-id=\"179ff43\" data-element_type=\"widget\" data-e-type=\"widget\" data-settings=\"{&quot;youtube_url&quot;:&quot;https:\\\/\\\/www.youtube.com\\\/watch?v=LqAdlS4Snkc&quot;,&quot;video_type&quot;:&quot;youtube&quot;,&quot;controls&quot;:&quot;yes&quot;}\" data-widget_type=\"video.default\">\n\t\t\t\t\t\t\t<div class=\"elementor-wrapper elementor-open-inline\">\n\t\t\t<div class=\"elementor-video\"><\/div>\t\t<\/div>\n\t\t\t\t\t\t<\/div>\n\t\t\t\t<div class=\"elementor-element elementor-element-c5399e4 elementor-widget elementor-widget-text-editor\" data-id=\"c5399e4\" data-element_type=\"widget\" data-e-type=\"widget\" data-widget_type=\"text-editor.default\">\n\t\t\t\t\t\t\t\t\t<h4>Arka Plan Tan\u0131t\u0131m\u0131<\/h4>\n<p> Fabrika 48.726 metrekarelik bir alan\u0131 kaplamaktad\u0131r ve 3 katl\u0131 hammadde deposu, so\u011fuk hava deposu, 2 katl\u0131 \u00fcretim at\u00f6lyesi ve bitmi\u015f \u00fcr\u00fcn deposu olmak \u00fczere birden fazla alan\u0131 i\u00e7ermektedir. Hammadde deposu asans\u00f6rlerle donat\u0131lm\u0131\u015ft\u0131r ve her g\u00fcn s\u0131k s\u0131k ula\u015f\u0131m vard\u0131r. \u0130\u015f\u00e7ilerin ta\u015f\u0131ma s\u0131ras\u0131nda a\u011f\u0131r bir y\u00fck\u00fc vard\u0131r ve geleneksel forkliftler zaman al\u0131c\u0131 ve emek yo\u011fundur. Fabrikan\u0131n acilen verimli, g\u00fcvenli ve yard\u0131ms\u0131z bir malzeme ta\u015f\u0131ma \u00e7\u00f6z\u00fcm\u00fcne ihtiyac\u0131 var.   <\/p>\n<h4>Otonom Forkliftlerin Tan\u0131t\u0131m\u0131<\/h4>\n<p>Reeman otonom forkliftler, y\u00fcksek zekalar\u0131 nedeniyle fabrika i\u00e7in ideal se\u00e7im haline geldi. Bu forklift a\u015fa\u011f\u0131daki \u00f6zelliklere sahiptir: <\/p>\n<p>1. Otonom Navigasyon ve Engellerden Ka\u00e7\u0131nma: Otonom forklift, fabrikan\u0131n karma\u015f\u0131k ortam\u0131na uygun yollar\u0131 do\u011fru bir \u015fekilde bulmak ve engellerden esnek bir \u015fekilde ka\u00e7\u0131nmak i\u00e7in otonom navigasyon teknolojisine g\u00fcvenir.<\/p>\n<p>2. Otomatik Kald\u0131rma ve Yerle\u015ftirme: Forklift, paletleri otomatik olarak kald\u0131rabilir ve hammaddeleri \u00fcretim alan\u0131na g\u00fcvenli bir \u015fekilde ta\u015f\u0131yarak sorunsuz ve hatas\u0131z bir \u00e7al\u0131\u015fma sa\u011flar.<\/p>\n<p>3. Asans\u00f6r \u00c7al\u0131\u015fmas\u0131: Reeman forklift, asans\u00f6rleri otomatik olarak \u00e7al\u0131\u015ft\u0131rma yetene\u011fine sahiptir ve \u00e7al\u0131\u015fanlar\u0131n asans\u00f6r i\u015flemleri i\u00e7in harcad\u0131klar\u0131 zaman\u0131 b\u00fcy\u00fck \u00f6l\u00e7\u00fcde azalt\u0131r.<\/p>\n<p>4. 24 Saat Kesintisiz \u00c7al\u0131\u015fma: H\u0131zl\u0131 ak\u00fc de\u011fi\u015ftirme teknolojisi ile otonom forklift, g\u0131da i\u015fleme tesislerinin y\u00fcksek frekansl\u0131 nakliye ihtiya\u00e7lar\u0131na uygun, g\u00fcn\u00fcn her saati \u00e7al\u0131\u015fabilir.<\/p>\n<p>5. Y\u00fcksek Y\u00fck Kapasitesi: 1,5 tona kadar ta\u015f\u0131ma kapasitesine sahip, b\u00fcy\u00fck miktarlarda hammaddenin nakliye ihtiya\u00e7lar\u0131na uygun.<\/p>\n<p>6. 15 g\u00fcnl\u00fck Sebepsiz \u0130ade Politikas\u0131: \u00dcretici, fabrika y\u00f6netimine g\u00f6n\u00fcl rahatl\u0131\u011f\u0131 sa\u011flayan bir iade garantisi sa\u011flar.<\/p>\n<h4>Fiili Uygulama ve Etkinlik<\/h4>\n<p> Reeman otonom forkliftlerin piyasaya s\u00fcr\u00fclmesinden bu yana, fabrikan\u0131n operasyonel verimlili\u011fi \u00f6nemli \u00f6l\u00e7\u00fcde artt\u0131. Otonom forklift, depolar aras\u0131nda her g\u00fcn 80 sefer yaparak \u00e7e\u015fitli malzemeleri hammadde deposundan \u00fcretim hatt\u0131na ta\u015f\u0131r. Ak\u0131ll\u0131 i\u015flevleri, \u00f6zellikle s\u0131k asans\u00f6r gezilerinin gerekli oldu\u011fu 3 katl\u0131 hammadde deposunda i\u015f\u00e7ilerin insan g\u00fcc\u00fcn\u00fc serbest b\u0131rakarak fabrikan\u0131n lojistik s\u00fcresini %15 oran\u0131nda azaltmas\u0131na ve t\u00fcm lojistik zincirini optimize etmesine yard\u0131mc\u0131 oldu.  <\/p>\n<p> Y\u00f6netim personeli, yaln\u0131zca operasyonel verimlili\u011fi art\u0131rmakla kalmay\u0131p ayn\u0131 zamanda daha y\u00fcksek operasyonel g\u00fcvenlik sa\u011flad\u0131klar\u0131na inanarak Reeman otonom forkliftlerinin performans\u0131n\u0131 b\u00fcy\u00fck \u00f6l\u00e7\u00fcde \u00f6vd\u00fc. Ayn\u0131 zamanda, forkliftin y\u00fcksek y\u00fckl\u00fc ortamlarda performans\u0131n\u0131 daha da art\u0131rmak i\u00e7in y\u00fck kapasitesi ve pil \u00f6mr\u00fcnde gelecekteki optimizasyonlar\u0131 d\u00f6rt g\u00f6zle bekliyorlar. <\/p>\n<p> Reeman&#8217;\u0131n otonom forkliftlerinin bu g\u0131da i\u015fleme tesisinde uygulanmas\u0131, yaln\u0131zca malzeme ta\u015f\u0131ma sorununu ba\u015far\u0131l\u0131 bir \u015fekilde \u00e7\u00f6zmekle kalmad\u0131, ayn\u0131 zamanda \u00f6nemli verimlilik iyile\u015ftirmeleri ve maliyet tasarrufu da sa\u011flad\u0131. Lojistik verimlili\u011fini art\u0131rmak isteyen fabrika sahipleri ve giri\u015fimciler i\u00e7in otonom forkliftlere yat\u0131r\u0131m yapmak, dikkate de\u011fer ak\u0131ll\u0131ca bir karard\u0131r. <\/p>\n\t\t\t\t\t\t\t\t<\/div>\n\t\t\t\t\t<\/div>\n\t\t\t\t<\/div>\n\t\t<div class=\"elementor-element elementor-element-3fda6b6 e-flex e-con-boxed e-con e-parent\" data-id=\"3fda6b6\" data-element_type=\"container\" data-e-type=\"container\">\n\t\t\t\t\t<div class=\"e-con-inner\">\n\t\t<div class=\"elementor-element elementor-element-8fdfed2 e-con-full e-flex e-con e-child\" data-id=\"8fdfed2\" data-element_type=\"container\" data-e-type=\"container\">\n\t\t<div class=\"elementor-element elementor-element-fe8324a e-con-full e-flex e-con e-child\" data-id=\"fe8324a\" data-element_type=\"container\" data-e-type=\"container\">\n\t\t\t\t<div class=\"elementor-element elementor-element-2a3646b elementor-widget elementor-widget-button\" data-id=\"2a3646b\" data-element_type=\"widget\" data-e-type=\"widget\" data-widget_type=\"button.default\">\n\t\t\t\t\t\t\t\t\t\t<a class=\"elementor-button elementor-button-link elementor-size-sm\" href=\"https:\/\/reemanbot.com\/automobile-manufacturer-factory-case\/\">\n\t\t\t\t\t\t<span class=\"elementor-button-content-wrapper\">\n\t\t\t\t\t\t<span class=\"elementor-button-icon\">\n\t\t\t\t<svg aria-hidden=\"true\" class=\"e-font-icon-svg e-fas-arrow-left\" viewBox=\"0 0 448 512\" xmlns=\"http:\/\/www.w3.org\/2000\/svg\"><path d=\"M257.5 445.1l-22.2 22.2c-9.4 9.4-24.6 9.4-33.9 0L7 273c-9.4-9.4-9.4-24.6 0-33.9L201.4 44.7c9.4-9.4 24.6-9.4 33.9 0l22.2 22.2c9.5 9.5 9.3 25-.4 34.3L136.6 216H424c13.3 0 24 10.7 24 24v32c0 13.3-10.7 24-24 24H136.6l120.5 114.8c9.8 9.3 10 24.8.4 34.3z\"><\/path><\/svg>\t\t\t<\/span>\n\t\t\t\t\t\t\t\t\t<span class=\"elementor-button-text\">\u00d6nceki<\/span>\n\t\t\t\t\t<\/span>\n\t\t\t\t\t<\/a>\n\t\t\t\t\t\t\t\t<\/div>\n\t\t\t\t<\/div>\n\t\t<div class=\"elementor-element elementor-element-6355cd6 e-con-full e-flex e-con e-child\" data-id=\"6355cd6\" data-element_type=\"container\" data-e-type=\"container\">\n\t\t\t\t<\/div>\n\t\t<div class=\"elementor-element elementor-element-61a1785 e-con-full e-flex e-con e-child\" data-id=\"61a1785\" data-element_type=\"container\" data-e-type=\"container\">\n\t\t\t\t<\/div>\n\t\t<div class=\"elementor-element elementor-element-21fb1e4 e-con-full e-flex e-con e-child\" data-id=\"21fb1e4\" data-element_type=\"container\" data-e-type=\"container\">\n\t\t\t\t<div class=\"elementor-element elementor-element-7841d47 elementor-widget elementor-widget-button\" data-id=\"7841d47\" data-element_type=\"widget\" data-e-type=\"widget\" data-widget_type=\"button.default\">\n\t\t\t\t\t\t\t\t\t\t<a class=\"elementor-button elementor-button-link elementor-size-sm\" href=\"https:\/\/reemanbot.com\/tr\/forkliftler-tasima-verimliligini-degistiriyor\/\">\n\t\t\t\t\t\t<span class=\"elementor-button-content-wrapper\">\n\t\t\t\t\t\t<span class=\"elementor-button-icon\">\n\t\t\t\t<svg aria-hidden=\"true\" class=\"e-font-icon-svg e-fas-arrow-right\" viewBox=\"0 0 448 512\" xmlns=\"http:\/\/www.w3.org\/2000\/svg\"><path d=\"M190.5 66.9l22.2-22.2c9.4-9.4 24.6-9.4 33.9 0L441 239c9.4 9.4 9.4 24.6 0 33.9L246.6 467.3c-9.4 9.4-24.6 9.4-33.9 0l-22.2-22.2c-9.5-9.5-9.3-25 .4-34.3L311.4 296H24c-13.3 0-24-10.7-24-24v-32c0-13.3 10.7-24 24-24h287.4L190.9 101.2c-9.8-9.3-10-24.8-.4-34.3z\"><\/path><\/svg>\t\t\t<\/span>\n\t\t\t\t\t\t\t\t\t<span class=\"elementor-button-text\">\u00d6n\u00fcm\u00fczdeki<\/span>\n\t\t\t\t\t<\/span>\n\t\t\t\t\t<\/a>\n\t\t\t\t\t\t\t\t<\/div>\n\t\t\t\t<\/div>\n\t\t\t\t<\/div>\n\t\t\t\t\t<\/div>\n\t\t\t\t<\/div>\n\t\t\t\t<\/div>\n\t\t","protected":false},"excerpt":{"rendered":"<p>7\/24 kesintisiz \u00e7al\u0131\u015fma, Reeman forkliftleri fabrikalara g\u00fc\u00e7 veriyor <a href=\"https:\/\/www.youtube.com\/watch?v=LqAdlS4Snkc\" rel=\"nofollow\">https:\/\/www.youtube.com\/watch?v=LqAdlS4Snkc<\/a> Arka Plan Tan\u0131t\u0131m\u0131 Fabrika 48.726 metrekarelik bir alan\u0131 kaplamaktad\u0131r ve 3 [&hellip;]<\/p>\n","protected":false},"author":247580900,"featured_media":0,"parent":0,"menu_order":0,"comment_status":"closed","ping_status":"closed","template":"","meta":{"_crdt_document":"","om_disable_all_campaigns":false,"_uag_custom_page_level_css":"","advgb_blocks_editor_width":"","advgb_blocks_columns_visual_guide":"","site-sidebar-layout":"no-sidebar","site-content-layout":"","ast-site-content-layout":"full-width-container","site-content-style":"default","site-sidebar-style":"default","ast-global-header-display":"","ast-banner-title-visibility":"","ast-main-header-display":"","ast-hfb-above-header-display":"","ast-hfb-below-header-display":"","ast-hfb-mobile-header-display":"","site-post-title":"disabled","ast-breadcrumbs-content":"","ast-featured-img":"disabled","footer-sml-layout":"","theme-transparent-header-meta":"default","adv-header-id-meta":"","stick-header-meta":"","header-above-stick-meta":"","header-main-stick-meta":"","header-below-stick-meta":"","astra-migrate-meta-layouts":"default","ast-page-background-enabled":"default","ast-page-background-meta":{"desktop":{"background-color":"var(--ast-global-color-4)","background-image":"","background-repeat":"repeat","background-position":"center center","background-size":"auto","background-attachment":"scroll","background-type":"","background-media":"","overlay-type":"","overlay-color":"","overlay-opacity":"","overlay-gradient":""},"tablet":{"background-color":"","background-image":"","background-repeat":"repeat","background-position":"center center","background-size":"auto","background-attachment":"scroll","background-type":"","background-media":"","overlay-type":"","overlay-color":"","overlay-opacity":"","overlay-gradient":""},"mobile":{"background-color":"","background-image":"","background-repeat":"repeat","background-position":"center center","background-size":"auto","background-attachment":"scroll","background-type":"","background-media":"","overlay-type":"","overlay-color":"","overlay-opacity":"","overlay-gradient":""}},"ast-content-background-meta":{"desktop":{"background-color":"var(--ast-global-color-5)","background-image":"","background-repeat":"repeat","background-position":"center center","background-size":"auto","background-attachment":"scroll","background-type":"","background-media":"","overlay-type":"","overlay-color":"","overlay-opacity":"","overlay-gradient":""},"tablet":{"background-color":"var(--ast-global-color-5)","background-image":"","background-repeat":"repeat","background-position":"center center","background-size":"auto","background-attachment":"scroll","background-type":"","background-media":"","overlay-type":"","overlay-color":"","overlay-opacity":"","overlay-gradient":""},"mobile":{"background-color":"var(--ast-global-color-5)","background-image":"","background-repeat":"repeat","background-position":"center center","background-size":"auto","background-attachment":"scroll","background-type":"","background-media":"","overlay-type":"","overlay-color":"","overlay-opacity":"","overlay-gradient":""}},"footnotes":""},"class_list":["post-10161","page","type-page","status-publish","hentry"],"aioseo_notices":[],"uagb_featured_image_src":{"full":false,"thumbnail":false,"medium":false,"medium_large":false,"large":false,"1536x1536":false,"2048x2048":false,"newspack-article-block-landscape-large":false,"newspack-article-block-portrait-large":false,"newspack-article-block-square-large":false,"newspack-article-block-landscape-medium":false,"newspack-article-block-portrait-medium":false,"newspack-article-block-square-medium":false,"newspack-article-block-landscape-intermediate":false,"newspack-article-block-portrait-intermediate":false,"newspack-article-block-square-intermediate":false,"newspack-article-block-landscape-small":false,"newspack-article-block-portrait-small":false,"newspack-article-block-square-small":false,"newspack-article-block-landscape-tiny":false,"newspack-article-block-portrait-tiny":false,"newspack-article-block-square-tiny":false,"newspack-article-block-uncropped":false},"uagb_author_info":{"display_name":"luo shunchao","author_link":"https:\/\/reemanbot.com\/tr\/author\/luoshunchao2023\/"},"uagb_comment_info":0,"uagb_excerpt":"7\/24 kesintisiz \u00e7al\u0131\u015fma, Reeman forkliftleri fabrikalara g\u00fc\u00e7 veriyor https:\/\/www.youtube.com\/watch?v=LqAdlS4Snkc Arka Plan Tan\u0131t\u0131m\u0131 Fabrika 48.726 metrekarelik bir alan\u0131 kaplamaktad\u0131r ve 3 [&hellip;]","coauthors":[],"author_meta":{"author_link":"https:\/\/reemanbot.com\/tr\/author\/luoshunchao2023\/","display_name":"luo shunchao"},"relative_dates":{"created":"Posted 2 y\u0131l ago","modified":"Updated 1 y\u0131l ago"},"absolute_dates":{"created":"Posted on 06\/11\/2024","modified":"Updated on 18\/12\/2024"},"absolute_dates_time":{"created":"Posted on 06\/11\/2024 14:10","modified":"Updated on 18\/12\/2024 16:42"},"featured_img_caption":"","featured_img":false,"series_order":"","jetpack_likes_enabled":false,"jetpack_sharing_enabled":true,"jetpack_shortlink":"https:\/\/wp.me\/PfA2Xc-2DT","jetpack-related-posts":[{"id":10159,"url":"https:\/\/reemanbot.com\/tr\/forkliftler-tasima-verimliligini-degistiriyor\/","url_meta":{"origin":10161,"position":0},"title":"Forkliftler ta\u015f\u0131ma verimlili\u011fini de\u011fi\u015ftiriyor","author":"luo shunchao","date":"06\/11\/2024","format":false,"excerpt":"Otomatik forkliftler fabrika elle\u00e7leme verimlili\u011fini nas\u0131l de\u011fi\u015ftirebilir? https:\/\/www.youtube.com\/watch?v=xpLqa1T4I9gFabrika Arka Plan\u0131 Fabrika 5000 metrekarelik bir alan\u0131 kaplamaktad\u0131r ve \u00f6ncelikle asans\u00f6rlerle donat\u0131lm\u0131\u015f \u00e7e\u015fitli elektronik bile\u015fenler \u00fcretmektedir. G\u00fcnl\u00fck ta\u015f\u0131ma g\u00f6revleri a\u011f\u0131rd\u0131r, forkliftler depolar ve \u00fcretim hatlar\u0131 aras\u0131nda s\u0131kl\u0131kla \u00e7al\u0131\u015f\u0131r, g\u00fcnde 100 defay\u0131 a\u015far ve tek bir yolculukta yakla\u015f\u0131k 1 ton ta\u015f\u0131r. Geleneksel forkliftler,\u2026","rel":"","context":"Benzer yaz\u0131","block_context":{"text":"Benzer yaz\u0131","link":""},"img":{"alt_text":"","src":"","width":0,"height":0},"classes":[]},{"id":10138,"url":"https:\/\/reemanbot.com\/tr\/otonom-forkliftler-lojistik-ve-depolama-tedarik-zincirinde-yeni-bir-guc\/","url_meta":{"origin":10161,"position":1},"title":"Otonom forkliftler: lojistik ve depolama tedarik zincirinde yeni bir g\u00fc\u00e7","author":"luo shunchao","date":"08\/11\/2024","format":false,"excerpt":"Otonom forkliftler: lojistik ve depolama tedarik zincirinde yeni bir g\u00fc\u00e7 Longhua, Shenzhen, Guangdong, \u00c7in'deki yo\u011fun bir lojistik ve depolama tedarik zinciri merkezinde, her t\u00fcrl\u00fc palet \u00fcr\u00fcn\u00fc d\u00fczg\u00fcn bir \u015fekilde d\u00fczenlenir ve Otonom Forkliftler, palet mallar\u0131n\u0131 da\u011f\u0131t\u0131m talimatlar\u0131na g\u00f6re d\u00fczenli bir \u015fekilde belirlenen alanlara ta\u015f\u0131r, 1,5 tonluk b\u00fcy\u00fck bir y\u00fck kapasitesi\u2026","rel":"","context":"Benzer yaz\u0131","block_context":{"text":"Benzer yaz\u0131","link":""},"img":{"alt_text":"null","src":"https:\/\/i0.wp.com\/reemanbot.com\/wp-content\/uploads\/2024\/11\/%E5%9B%BE%E7%89%8711.8.png?fit=1024%2C683&ssl=1&resize=350%2C200","width":350,"height":200,"srcset":"https:\/\/i0.wp.com\/reemanbot.com\/wp-content\/uploads\/2024\/11\/%E5%9B%BE%E7%89%8711.8.png?fit=1024%2C683&ssl=1&resize=350%2C200 1x, https:\/\/i0.wp.com\/reemanbot.com\/wp-content\/uploads\/2024\/11\/%E5%9B%BE%E7%89%8711.8.png?fit=1024%2C683&ssl=1&resize=525%2C300 1.5x, https:\/\/i0.wp.com\/reemanbot.com\/wp-content\/uploads\/2024\/11\/%E5%9B%BE%E7%89%8711.8.png?fit=1024%2C683&ssl=1&resize=700%2C400 2x"},"classes":[]},{"id":10191,"url":"https:\/\/reemanbot.com\/tr\/","url_meta":{"origin":10161,"position":2},"title":"Profesyonel teslimat robotu sa\u011flay\u0131c\u0131s\u0131","author":"luo shunchao","date":"05\/03\/2024","format":false,"excerpt":"Ak\u0131ll\u0131 Mobil Robotlar Gelece\u011finizi bir sonraki mobil yenilikle otomatikle\u015ftirin \u00dccretsiz Deneme \u0130ster Ironhide Otonom Forklift HAMMER Otonom Forklift Rhinoceros Otonom Forklift Mini Otonom Forklift Mobil Robotik \u00c7\u00f6z\u00fcmlerinde Uzman Orta\u011f\u0131n\u0131z On y\u0131ll\u0131k end\u00fcstri uzmanl\u0131\u011f\u0131yla Reeman, d\u00fcnya \u00e7ap\u0131ndaki i\u015fletmelere son teknoloji otomasyon sunar. 200+ patentle desteklenen yapay zeka destekli robotlar\u0131m\u0131z, sorunsuz da\u011f\u0131t\u0131m\u2026","rel":"","context":"Benzer yaz\u0131","block_context":{"text":"Benzer yaz\u0131","link":""},"img":{"alt_text":"","src":"https:\/\/i0.wp.com\/reemanbot.com\/wp-content\/uploads\/2026\/01\/%E6%A9%99%E8%89%B2%E7%8A%80%E7%89%9B%E6%96%B0%E6%BF%80%E5%85%89.3-e1767533066653.png?resize=350%2C200&ssl=1","width":350,"height":200,"srcset":"https:\/\/i0.wp.com\/reemanbot.com\/wp-content\/uploads\/2026\/01\/%E6%A9%99%E8%89%B2%E7%8A%80%E7%89%9B%E6%96%B0%E6%BF%80%E5%85%89.3-e1767533066653.png?resize=350%2C200&ssl=1 1x, https:\/\/i0.wp.com\/reemanbot.com\/wp-content\/uploads\/2026\/01\/%E6%A9%99%E8%89%B2%E7%8A%80%E7%89%9B%E6%96%B0%E6%BF%80%E5%85%89.3-e1767533066653.png?resize=525%2C300&ssl=1 1.5x, https:\/\/i0.wp.com\/reemanbot.com\/wp-content\/uploads\/2026\/01\/%E6%A9%99%E8%89%B2%E7%8A%80%E7%89%9B%E6%96%B0%E6%BF%80%E5%85%89.3-e1767533066653.png?resize=700%2C400&ssl=1 2x, https:\/\/i0.wp.com\/reemanbot.com\/wp-content\/uploads\/2026\/01\/%E6%A9%99%E8%89%B2%E7%8A%80%E7%89%9B%E6%96%B0%E6%BF%80%E5%85%89.3-e1767533066653.png?resize=1050%2C600&ssl=1 3x, https:\/\/i0.wp.com\/reemanbot.com\/wp-content\/uploads\/2026\/01\/%E6%A9%99%E8%89%B2%E7%8A%80%E7%89%9B%E6%96%B0%E6%BF%80%E5%85%89.3-e1767533066653.png?resize=1400%2C800&ssl=1 4x"},"classes":[]},{"id":10163,"url":"https:\/\/reemanbot.com\/tr\/konfeksiyon-fabrikasi-kasasi\/","url_meta":{"origin":10161,"position":3},"title":"Konfeksiyon Fabrikas\u0131 Kasas\u0131","author":"luo shunchao","date":"01\/11\/2024","format":false,"excerpt":"AMR robotlar\u0131, konfeksiyon fabrikas\u0131 \u00fcretim hatlar\u0131na yard\u0131mc\u0131 oluyor \u00a0 \u00a0 Modern imalat sanayinde, \u00fcretim verimlili\u011fini art\u0131rmak her \u015firketin kar\u015f\u0131 kar\u015f\u0131ya oldu\u011fu \u00f6nemli bir konudur. Bir konfeksiyon fabrikas\u0131, Reeman'\u0131n Big Dog teslimat robotunu tan\u0131tarak, \u00fcretim s\u00fcrecinde kar\u015f\u0131la\u015f\u0131lan bir\u00e7ok zorlu\u011fu ba\u015far\u0131yla \u00e7\u00f6zd\u00fc ve \u00f6nemli verimlilik iyile\u015ftirmeleri elde etti. Bu Otonom Mobil Robot\u2026","rel":"","context":"Benzer yaz\u0131","block_context":{"text":"Benzer yaz\u0131","link":""},"img":{"alt_text":"","src":"","width":0,"height":0},"classes":[]},{"id":10189,"url":"https:\/\/reemanbot.com\/tr\/kalip-fabrikasi-kasasi\/","url_meta":{"origin":10161,"position":4},"title":"Kal\u0131p Fabrikas\u0131 Kasas\u0131","author":"luo shunchao","date":"01\/11\/2024","format":false,"excerpt":"Kal\u0131p Fabrikas\u0131nda Verimlilik \u0130yile\u015ftirmesi: B\u00fcy\u00fck K\u00f6pek Do\u011fum Robotlar\u0131n\u0131n Uygulamas\u0131 \u00a0 \u00a0 Giderek daha rekabet\u00e7i hale gelen imalat end\u00fcstrisinde, \u00fcretim verimlili\u011fini art\u0131rmak her \u015firket i\u00e7in en \u00f6nemli \u00f6nceliktir. Son zamanlarda, bir kal\u0131p fabrikas\u0131, Reeman'\u0131n Big Dog teslimat robotunu tan\u0131tarak plastik hammaddelerin (peletler) i\u015flenmesinde kar\u015f\u0131la\u015f\u0131lan zorluklar\u0131 ba\u015far\u0131yla \u00e7\u00f6zd\u00fc ve b\u00f6ylece \u00f6nemli verimlilik\u2026","rel":"","context":"Benzer yaz\u0131","block_context":{"text":"Benzer yaz\u0131","link":""},"img":{"alt_text":"","src":"","width":0,"height":0},"classes":[]},{"id":10165,"url":"https:\/\/reemanbot.com\/tr\/hindistan-ornegi\/","url_meta":{"origin":10161,"position":5},"title":"Hindistan \u00d6rne\u011fi","author":"luo shunchao","date":"01\/11\/2024","format":false,"excerpt":"Hindistan'da bir kalem fabrikas\u0131nda uygulama \u00a0 \u00a0 Hindistan'daki bir kalem \u00fcretim \u015firketi, artan \u00fcretim talepleri ve karma\u015f\u0131k i\u00e7 lojistik zorluklarla kar\u015f\u0131 kar\u015f\u0131yayd\u0131. Bu \u015firket i\u00e7in kalem bile\u015fenlerini i\u015fleme alan\u0131na teslim etmek veya depodan malzemeleri almak her zaman zahmetli bir i\u015f olmu\u015ftur. Fabrika \u015fefi, \"Fabrikadaki en hantal g\u00f6rev, \u00f6zellikle montaj alan\u0131\u2026","rel":"","context":"Benzer yaz\u0131","block_context":{"text":"Benzer yaz\u0131","link":""},"img":{"alt_text":"","src":"","width":0,"height":0},"classes":[]}],"_links":{"self":[{"href":"https:\/\/reemanbot.com\/tr\/wp-json\/wp\/v2\/pages\/10161","targetHints":{"allow":["GET"]}}],"collection":[{"href":"https:\/\/reemanbot.com\/tr\/wp-json\/wp\/v2\/pages"}],"about":[{"href":"https:\/\/reemanbot.com\/tr\/wp-json\/wp\/v2\/types\/page"}],"author":[{"embeddable":true,"href":"https:\/\/reemanbot.com\/tr\/wp-json\/wp\/v2\/users\/247580900"}],"replies":[{"embeddable":true,"href":"https:\/\/reemanbot.com\/tr\/wp-json\/wp\/v2\/comments?post=10161"}],"version-history":[{"count":1,"href":"https:\/\/reemanbot.com\/tr\/wp-json\/wp\/v2\/pages\/10161\/revisions"}],"predecessor-version":[{"id":10162,"href":"https:\/\/reemanbot.com\/tr\/wp-json\/wp\/v2\/pages\/10161\/revisions\/10162"}],"wp:attachment":[{"href":"https:\/\/reemanbot.com\/tr\/wp-json\/wp\/v2\/media?parent=10161"}],"curies":[{"name":"wp","href":"https:\/\/api.w.org\/{rel}","templated":true}]}}