{"id":10159,"date":"2024-11-06T14:33:31","date_gmt":"2024-11-06T06:33:31","guid":{"rendered":"https:\/\/reemanbot.com\/forkliftler-tasima-verimliligini-degistiriyor\/"},"modified":"2024-12-18T16:38:34","modified_gmt":"2024-12-18T08:38:34","slug":"forkliftler-tasima-verimliligini-degistiriyor","status":"publish","type":"page","link":"https:\/\/reemanbot.com\/tr\/forkliftler-tasima-verimliligini-degistiriyor\/","title":{"rendered":"Forkliftler ta\u015f\u0131ma verimlili\u011fini de\u011fi\u015ftiriyor"},"content":{"rendered":"\t\t<div data-elementor-type=\"wp-page\" data-elementor-id=\"10159\" class=\"elementor elementor-10159 elementor-7534\">\n\t\t\t\t<div class=\"elementor-element elementor-element-39a3a46 e-flex e-con-boxed e-con e-parent\" data-id=\"39a3a46\" data-element_type=\"container\" data-e-type=\"container\">\n\t\t\t\t\t<div class=\"e-con-inner\">\n\t\t\t\t<div class=\"elementor-element elementor-element-27e75f6 elementor-widget elementor-widget-heading\" data-id=\"27e75f6\" data-element_type=\"widget\" data-e-type=\"widget\" data-widget_type=\"heading.default\">\n\t\t\t\t\t<h2 class=\"elementor-heading-title elementor-size-default\">Otomatik forkliftler fabrika elle\u00e7leme verimlili\u011fini nas\u0131l de\u011fi\u015ftirebilir?<\/h2>\t\t\t\t<\/div>\n\t\t\t\t<div class=\"elementor-element elementor-element-74f3e95 elementor-widget elementor-widget-video\" data-id=\"74f3e95\" data-element_type=\"widget\" data-e-type=\"widget\" data-settings=\"{&quot;youtube_url&quot;:&quot;https:\\\/\\\/www.youtube.com\\\/watch?v=xpLqa1T4I9g&quot;,&quot;video_type&quot;:&quot;youtube&quot;,&quot;controls&quot;:&quot;yes&quot;}\" data-widget_type=\"video.default\">\n\t\t\t\t\t\t\t<div class=\"elementor-wrapper elementor-open-inline\">\n\t\t\t<div class=\"elementor-video\"><\/div>\t\t<\/div>\n\t\t\t\t\t\t<\/div>\n\t\t\t\t<div class=\"elementor-element elementor-element-8812374 elementor-widget elementor-widget-text-editor\" data-id=\"8812374\" data-element_type=\"widget\" data-e-type=\"widget\" data-widget_type=\"text-editor.default\">\n\t\t\t\t\t\t\t\t\t<h4>Fabrika Arka Plan\u0131<\/h4>\n<p> Fabrika 5000 metrekarelik bir alan\u0131 kaplamaktad\u0131r ve \u00f6ncelikle asans\u00f6rlerle donat\u0131lm\u0131\u015f \u00e7e\u015fitli elektronik bile\u015fenler \u00fcretmektedir. G\u00fcnl\u00fck ta\u015f\u0131ma g\u00f6revleri a\u011f\u0131rd\u0131r, forkliftler depolar ve \u00fcretim hatlar\u0131 aras\u0131nda s\u0131kl\u0131kla \u00e7al\u0131\u015f\u0131r, g\u00fcnde 100 defay\u0131 a\u015far ve tek bir yolculukta yakla\u015f\u0131k 1 ton ta\u015f\u0131r. Geleneksel forkliftler, g\u00f6revleri yerine getirebilmelerine ra\u011fmen, el eme\u011fine dayan\u0131r ve asans\u00f6rlerde zay\u0131f stabiliteye sahiptir, bu da onlar\u0131 \u00e7al\u0131\u015ft\u0131rmay\u0131 zorla\u015ft\u0131r\u0131r.  <\/p>\n<h4>Reeman Otonom Forkliftleri Tan\u0131tma Karar\u0131<\/h4>\n<p> Fabrika, birden fazla \u00e7\u00f6z\u00fcm\u00fc inceledikten sonra Reeman Otonom Forkliftlerde karar k\u0131ld\u0131. Bu cihazlar, asans\u00f6rlere do\u011fru bir \u015fekilde giri\u015f ve \u00e7\u0131k\u0131\u015f yapabilen otonom engellerden ka\u00e7\u0131nma, otonom navigasyon ve otomatik palet kald\u0131rma fonksiyonlar\u0131 ile donat\u0131lm\u0131\u015ft\u0131r. Otomatik ak\u00fc de\u011fi\u015ftirme teknolojisi, forkliftlerin g\u00fcn\u00fcn her saati kesintisiz \u00e7al\u0131\u015fmas\u0131n\u0131 sa\u011flayarak insan m\u00fcdahalesini b\u00fcy\u00fck \u00f6l\u00e7\u00fcde azalt\u0131r.  <\/p>\n<h4>Uygulamada \u00d6ne \u00c7\u0131kanlar<\/h4>\n<p>1. \u00d6nemli \u00d6l\u00e7\u00fcde Geli\u015ftirilmi\u015f Verimlilik: Reeman Otonom Forklift, 1,5 tonluk bir y\u00fck kapasitesine sahiptir ve fabrikan\u0131n y\u00fczlerce ta\u015f\u0131ma g\u00f6revi i\u00e7in g\u00fcnl\u00fck talebini kolayca kar\u015f\u0131lar ve \u00fcretim hatt\u0131 i\u00e7in tedarik sa\u011flar.<\/p>\n<p>2. Azalt\u0131lm\u0131\u015f \u0130\u015f\u00e7ilik Maliyetleri: Forklift, manuel \u00e7al\u0131\u015ft\u0131rma ihtiyac\u0131n\u0131 ortadan kald\u0131rarak tam otomasyona ula\u015fm\u0131\u015ft\u0131r. Y\u00f6netim personeli, otonom forkliftin hata olas\u0131l\u0131\u011f\u0131n\u0131 azaltt\u0131\u011f\u0131n\u0131 ve verimlili\u011fi \u00f6nemli \u00f6l\u00e7\u00fcde art\u0131rd\u0131\u011f\u0131n\u0131 belirtti. <\/p>\n<p>3. Daha Y\u00fcksek G\u00fcvenlik ve Kararl\u0131l\u0131k: Otonom forklift, otomatik engellerden ka\u00e7\u0131nma \u00f6zelliklerine sahiptir ve di\u011fer ekipmanlar\u0131 etkilemeden yo\u011fun d\u00f6nemlerde bile sorunsuz \u00e7al\u0131\u015fmas\u0131n\u0131 sa\u011flar.<\/p>\n<p>4. \u00c7ok Katl\u0131 Ortamlara Uyarlanabilirlik: Forklift, \u00e7ok katl\u0131 ta\u015f\u0131ma ihtiya\u00e7lar\u0131na uyum sa\u011flayarak asans\u00f6rlere do\u011fru bir \u015fekilde girip \u00e7\u0131kabilir. Fabrikan\u0131n rahatl\u0131\u011f\u0131ndan yararlanmak i\u00e7in ek de\u011fi\u015fikliklere ihtiyac\u0131 yoktur. <\/p>\n<h4>Y\u00f6netimden Geri Bildirim ve \u00d6neriler<\/h4>\n<p> Fabrika y\u00f6netimi, \u00f6zellikle navigasyon ve engellerden ka\u00e7\u0131nma teknolojilerinin getirdi\u011fi verimlilik kazan\u0131mlar\u0131ndan etkilenerek Reeman Otonom Forkliftlerin performans\u0131n\u0131 b\u00fcy\u00fck \u00f6l\u00e7\u00fcde takdir ediyor. Y\u00f6netim, gelecekteki geli\u015ftirmelerin, forkliftlerin yo\u011fun \u00e7al\u0131\u015fma d\u00f6nemlerinde durumlar\u0131n\u0131 ger\u00e7ek zamanl\u0131 olarak takip etmeleri i\u00e7in uzaktan izleme yeteneklerini i\u00e7erebilece\u011fini ve genel y\u00f6netim esnekli\u011fini art\u0131rabilece\u011fini \u00f6ne s\u00fcr\u00fcyor. <\/p>\n<p> Reeman Otonom Forkliftlerin ba\u015far\u0131l\u0131 bir \u015fekilde uygulanmas\u0131, yaln\u0131zca ta\u015f\u0131ma verimlili\u011fini art\u0131rmakla kalmad\u0131, ayn\u0131 zamanda i\u015fletme maliyetlerini de etkili bir \u015fekilde azaltt\u0131. Otonom engellerden ka\u00e7\u0131nma ve otomatik pil de\u011fi\u015ftirme yetenekleri, fabrikan\u0131n 24 saatlik \u00fcretim potansiyelini ger\u00e7ekle\u015ftirmesini sa\u011flad\u0131. Bu ak\u0131ll\u0131 ta\u015f\u0131ma \u00e7\u00f6z\u00fcm\u00fc, daha fazla i\u015fletmenin \u00fcretim avantajlar\u0131n\u0131 geli\u015ftirmesi i\u00e7in etkili bir referans sa\u011flar.  <\/p>\n<p> Reeman Otonom Forkliftlerin bu fabrikada uygulanmas\u0131, otomatik ta\u015f\u0131man\u0131n, geleneksel forkliftlerin sorunlar\u0131n\u0131n \u00e7\u00f6z\u00fclmesinin ve k\u0131sa s\u00fcrede maliyet ve verimlilikte ikili bir iyile\u015fme elde edilmesinin avantajlar\u0131n\u0131 g\u00f6stermektedir. Fabrika, ak\u0131ll\u0131 forkliftler sayesinde i\u015fletme maliyetlerini etkili bir \u015fekilde azaltt\u0131 ve \u00fcretim y\u00fckseltmeleri potansiyelini sergiledi. \u0130\u015fletmeniz de ta\u015f\u0131ma zorluklar\u0131yla kar\u015f\u0131 kar\u015f\u0131yaysa, Reeman Otonom Forkliftler ideal bir se\u00e7im olacakt\u0131r.  <\/p>\n\t\t\t\t\t\t\t\t<\/div>\n\t\t\t\t\t<\/div>\n\t\t\t\t<\/div>\n\t\t<div class=\"elementor-element elementor-element-bf5c8b1 e-flex e-con-boxed e-con e-parent\" data-id=\"bf5c8b1\" data-element_type=\"container\" data-e-type=\"container\">\n\t\t\t\t\t<div class=\"e-con-inner\">\n\t\t<div class=\"elementor-element elementor-element-0452060 e-con-full e-flex e-con e-child\" data-id=\"0452060\" data-element_type=\"container\" data-e-type=\"container\">\n\t\t<div class=\"elementor-element elementor-element-38a91d0 e-con-full e-flex e-con e-child\" data-id=\"38a91d0\" data-element_type=\"container\" data-e-type=\"container\">\n\t\t\t\t<div class=\"elementor-element elementor-element-5ec898c elementor-widget elementor-widget-button\" data-id=\"5ec898c\" data-element_type=\"widget\" data-e-type=\"widget\" data-widget_type=\"button.default\">\n\t\t\t\t\t\t\t\t\t\t<a class=\"elementor-button elementor-button-link elementor-size-sm\" href=\"https:\/\/reemanbot.com\/forklifts-empower-factories\/\">\n\t\t\t\t\t\t<span class=\"elementor-button-content-wrapper\">\n\t\t\t\t\t\t<span class=\"elementor-button-icon\">\n\t\t\t\t<svg aria-hidden=\"true\" class=\"e-font-icon-svg e-fas-arrow-left\" viewBox=\"0 0 448 512\" xmlns=\"http:\/\/www.w3.org\/2000\/svg\"><path d=\"M257.5 445.1l-22.2 22.2c-9.4 9.4-24.6 9.4-33.9 0L7 273c-9.4-9.4-9.4-24.6 0-33.9L201.4 44.7c9.4-9.4 24.6-9.4 33.9 0l22.2 22.2c9.5 9.5 9.3 25-.4 34.3L136.6 216H424c13.3 0 24 10.7 24 24v32c0 13.3-10.7 24-24 24H136.6l120.5 114.8c9.8 9.3 10 24.8.4 34.3z\"><\/path><\/svg>\t\t\t<\/span>\n\t\t\t\t\t\t\t\t\t<span class=\"elementor-button-text\">\u00d6nceki<\/span>\n\t\t\t\t\t<\/span>\n\t\t\t\t\t<\/a>\n\t\t\t\t\t\t\t\t<\/div>\n\t\t\t\t<\/div>\n\t\t<div class=\"elementor-element elementor-element-04c5ccc e-con-full e-flex e-con e-child\" data-id=\"04c5ccc\" data-element_type=\"container\" data-e-type=\"container\">\n\t\t\t\t<\/div>\n\t\t<div class=\"elementor-element elementor-element-09ee66a e-con-full e-flex e-con e-child\" data-id=\"09ee66a\" data-element_type=\"container\" data-e-type=\"container\">\n\t\t\t\t<\/div>\n\t\t<div class=\"elementor-element elementor-element-7995f8e e-con-full e-flex e-con e-child\" data-id=\"7995f8e\" data-element_type=\"container\" data-e-type=\"container\">\n\t\t\t\t<div class=\"elementor-element elementor-element-b76c098 elementor-widget elementor-widget-button\" data-id=\"b76c098\" data-element_type=\"widget\" data-e-type=\"widget\" data-widget_type=\"button.default\">\n\t\t\t\t\t\t\t\t\t\t<a class=\"elementor-button elementor-button-link elementor-size-sm\" href=\"https:\/\/reemanbot.com\/tr\/otonom-forkliftler-lojistik-ve-depolama-tedarik-zincirinde-yeni-bir-guc\/\">\n\t\t\t\t\t\t<span class=\"elementor-button-content-wrapper\">\n\t\t\t\t\t\t<span class=\"elementor-button-icon\">\n\t\t\t\t<svg aria-hidden=\"true\" class=\"e-font-icon-svg e-fas-arrow-right\" viewBox=\"0 0 448 512\" xmlns=\"http:\/\/www.w3.org\/2000\/svg\"><path d=\"M190.5 66.9l22.2-22.2c9.4-9.4 24.6-9.4 33.9 0L441 239c9.4 9.4 9.4 24.6 0 33.9L246.6 467.3c-9.4 9.4-24.6 9.4-33.9 0l-22.2-22.2c-9.5-9.5-9.3-25 .4-34.3L311.4 296H24c-13.3 0-24-10.7-24-24v-32c0-13.3 10.7-24 24-24h287.4L190.9 101.2c-9.8-9.3-10-24.8-.4-34.3z\"><\/path><\/svg>\t\t\t<\/span>\n\t\t\t\t\t\t\t\t\t<span class=\"elementor-button-text\">\u00d6n\u00fcm\u00fczdeki<\/span>\n\t\t\t\t\t<\/span>\n\t\t\t\t\t<\/a>\n\t\t\t\t\t\t\t\t<\/div>\n\t\t\t\t<\/div>\n\t\t\t\t<\/div>\n\t\t\t\t\t<\/div>\n\t\t\t\t<\/div>\n\t\t\t\t<\/div>\n\t\t","protected":false},"excerpt":{"rendered":"<p>Otomatik forkliftler fabrika elle\u00e7leme verimlili\u011fini nas\u0131l de\u011fi\u015ftirebilir? <a href=\"https:\/\/www.youtube.com\/watch?v=xpLqa1T4I9g\" rel=\"nofollow\">https:\/\/www.youtube.com\/watch?v=xpLqa1T4I9g<\/a> Fabrika Arka Plan\u0131 Fabrika 5000 metrekarelik bir alan\u0131 kaplamaktad\u0131r ve \u00f6ncelikle asans\u00f6rlerle [&hellip;]<\/p>\n","protected":false},"author":247580900,"featured_media":0,"parent":0,"menu_order":0,"comment_status":"closed","ping_status":"closed","template":"","meta":{"_crdt_document":"","om_disable_all_campaigns":false,"_uag_custom_page_level_css":"","advgb_blocks_editor_width":"","advgb_blocks_columns_visual_guide":"","site-sidebar-layout":"no-sidebar","site-content-layout":"","ast-site-content-layout":"full-width-container","site-content-style":"default","site-sidebar-style":"default","ast-global-header-display":"","ast-banner-title-visibility":"","ast-main-header-display":"","ast-hfb-above-header-display":"","ast-hfb-below-header-display":"","ast-hfb-mobile-header-display":"","site-post-title":"disabled","ast-breadcrumbs-content":"","ast-featured-img":"disabled","footer-sml-layout":"","theme-transparent-header-meta":"default","adv-header-id-meta":"","stick-header-meta":"","header-above-stick-meta":"","header-main-stick-meta":"","header-below-stick-meta":"","astra-migrate-meta-layouts":"default","ast-page-background-enabled":"default","ast-page-background-meta":{"desktop":{"background-color":"var(--ast-global-color-4)","background-image":"","background-repeat":"repeat","background-position":"center center","background-size":"auto","background-attachment":"scroll","background-type":"","background-media":"","overlay-type":"","overlay-color":"","overlay-opacity":"","overlay-gradient":""},"tablet":{"background-color":"","background-image":"","background-repeat":"repeat","background-position":"center center","background-size":"auto","background-attachment":"scroll","background-type":"","background-media":"","overlay-type":"","overlay-color":"","overlay-opacity":"","overlay-gradient":""},"mobile":{"background-color":"","background-image":"","background-repeat":"repeat","background-position":"center center","background-size":"auto","background-attachment":"scroll","background-type":"","background-media":"","overlay-type":"","overlay-color":"","overlay-opacity":"","overlay-gradient":""}},"ast-content-background-meta":{"desktop":{"background-color":"var(--ast-global-color-5)","background-image":"","background-repeat":"repeat","background-position":"center center","background-size":"auto","background-attachment":"scroll","background-type":"","background-media":"","overlay-type":"","overlay-color":"","overlay-opacity":"","overlay-gradient":""},"tablet":{"background-color":"var(--ast-global-color-5)","background-image":"","background-repeat":"repeat","background-position":"center center","background-size":"auto","background-attachment":"scroll","background-type":"","background-media":"","overlay-type":"","overlay-color":"","overlay-opacity":"","overlay-gradient":""},"mobile":{"background-color":"var(--ast-global-color-5)","background-image":"","background-repeat":"repeat","background-position":"center center","background-size":"auto","background-attachment":"scroll","background-type":"","background-media":"","overlay-type":"","overlay-color":"","overlay-opacity":"","overlay-gradient":""}},"footnotes":""},"class_list":["post-10159","page","type-page","status-publish","hentry"],"aioseo_notices":[],"uagb_featured_image_src":{"full":false,"thumbnail":false,"medium":false,"medium_large":false,"large":false,"1536x1536":false,"2048x2048":false,"newspack-article-block-landscape-large":false,"newspack-article-block-portrait-large":false,"newspack-article-block-square-large":false,"newspack-article-block-landscape-medium":false,"newspack-article-block-portrait-medium":false,"newspack-article-block-square-medium":false,"newspack-article-block-landscape-intermediate":false,"newspack-article-block-portrait-intermediate":false,"newspack-article-block-square-intermediate":false,"newspack-article-block-landscape-small":false,"newspack-article-block-portrait-small":false,"newspack-article-block-square-small":false,"newspack-article-block-landscape-tiny":false,"newspack-article-block-portrait-tiny":false,"newspack-article-block-square-tiny":false,"newspack-article-block-uncropped":false},"uagb_author_info":{"display_name":"luo shunchao","author_link":"https:\/\/reemanbot.com\/tr\/author\/luoshunchao2023\/"},"uagb_comment_info":0,"uagb_excerpt":"Otomatik forkliftler fabrika elle\u00e7leme verimlili\u011fini nas\u0131l de\u011fi\u015ftirebilir? https:\/\/www.youtube.com\/watch?v=xpLqa1T4I9g Fabrika Arka Plan\u0131 Fabrika 5000 metrekarelik bir alan\u0131 kaplamaktad\u0131r ve \u00f6ncelikle asans\u00f6rlerle [&hellip;]","coauthors":[],"author_meta":{"author_link":"https:\/\/reemanbot.com\/tr\/author\/luoshunchao2023\/","display_name":"luo shunchao"},"relative_dates":{"created":"Posted 2 y\u0131l ago","modified":"Updated 1 y\u0131l ago"},"absolute_dates":{"created":"Posted on 06\/11\/2024","modified":"Updated on 18\/12\/2024"},"absolute_dates_time":{"created":"Posted on 06\/11\/2024 14:33","modified":"Updated on 18\/12\/2024 16:38"},"featured_img_caption":"","featured_img":false,"series_order":"","jetpack_likes_enabled":false,"jetpack_sharing_enabled":true,"jetpack_shortlink":"https:\/\/wp.me\/PfA2Xc-2DR","jetpack-related-posts":[{"id":10161,"url":"https:\/\/reemanbot.com\/tr\/forkliftler-fabrikalara-guc-veriyor\/","url_meta":{"origin":10159,"position":0},"title":"Forkliftler fabrikalara g\u00fc\u00e7 veriyor","author":"luo shunchao","date":"06\/11\/2024","format":false,"excerpt":"7\/24 kesintisiz \u00e7al\u0131\u015fma, Reeman forkliftleri fabrikalara g\u00fc\u00e7 veriyor https:\/\/www.youtube.com\/watch?v=LqAdlS4SnkcArka Plan Tan\u0131t\u0131m\u0131 Fabrika 48.726 metrekarelik bir alan\u0131 kaplamaktad\u0131r ve 3 katl\u0131 hammadde deposu, so\u011fuk hava deposu, 2 katl\u0131 \u00fcretim at\u00f6lyesi ve bitmi\u015f \u00fcr\u00fcn deposu olmak \u00fczere birden fazla alan\u0131 i\u00e7ermektedir. Hammadde deposu asans\u00f6rlerle donat\u0131lm\u0131\u015ft\u0131r ve her g\u00fcn s\u0131k s\u0131k ula\u015f\u0131m vard\u0131r.\u2026","rel":"","context":"Benzer yaz\u0131","block_context":{"text":"Benzer yaz\u0131","link":""},"img":{"alt_text":"","src":"","width":0,"height":0},"classes":[]},{"id":10138,"url":"https:\/\/reemanbot.com\/tr\/otonom-forkliftler-lojistik-ve-depolama-tedarik-zincirinde-yeni-bir-guc\/","url_meta":{"origin":10159,"position":1},"title":"Otonom forkliftler: lojistik ve depolama tedarik zincirinde yeni bir g\u00fc\u00e7","author":"luo shunchao","date":"08\/11\/2024","format":false,"excerpt":"Otonom forkliftler: lojistik ve depolama tedarik zincirinde yeni bir g\u00fc\u00e7 Longhua, Shenzhen, Guangdong, \u00c7in'deki yo\u011fun bir lojistik ve depolama tedarik zinciri merkezinde, her t\u00fcrl\u00fc palet \u00fcr\u00fcn\u00fc d\u00fczg\u00fcn bir \u015fekilde d\u00fczenlenir ve Otonom Forkliftler, palet mallar\u0131n\u0131 da\u011f\u0131t\u0131m talimatlar\u0131na g\u00f6re d\u00fczenli bir \u015fekilde belirlenen alanlara ta\u015f\u0131r, 1,5 tonluk b\u00fcy\u00fck bir y\u00fck kapasitesi\u2026","rel":"","context":"Benzer yaz\u0131","block_context":{"text":"Benzer yaz\u0131","link":""},"img":{"alt_text":"null","src":"https:\/\/i0.wp.com\/reemanbot.com\/wp-content\/uploads\/2024\/11\/%E5%9B%BE%E7%89%8711.8.png?fit=1024%2C683&ssl=1&resize=350%2C200","width":350,"height":200,"srcset":"https:\/\/i0.wp.com\/reemanbot.com\/wp-content\/uploads\/2024\/11\/%E5%9B%BE%E7%89%8711.8.png?fit=1024%2C683&ssl=1&resize=350%2C200 1x, https:\/\/i0.wp.com\/reemanbot.com\/wp-content\/uploads\/2024\/11\/%E5%9B%BE%E7%89%8711.8.png?fit=1024%2C683&ssl=1&resize=525%2C300 1.5x, https:\/\/i0.wp.com\/reemanbot.com\/wp-content\/uploads\/2024\/11\/%E5%9B%BE%E7%89%8711.8.png?fit=1024%2C683&ssl=1&resize=700%2C400 2x"},"classes":[]},{"id":10191,"url":"https:\/\/reemanbot.com\/tr\/","url_meta":{"origin":10159,"position":2},"title":"Profesyonel teslimat robotu sa\u011flay\u0131c\u0131s\u0131","author":"luo shunchao","date":"05\/03\/2024","format":false,"excerpt":"Ak\u0131ll\u0131 Mobil Robotlar Gelece\u011finizi bir sonraki mobil yenilikle otomatikle\u015ftirin \u00dccretsiz Deneme \u0130ster Ironhide Otonom Forklift HAMMER Otonom Forklift Rhinoceros Otonom Forklift Mini Otonom Forklift Mobil Robotik \u00c7\u00f6z\u00fcmlerinde Uzman Orta\u011f\u0131n\u0131z On y\u0131ll\u0131k end\u00fcstri uzmanl\u0131\u011f\u0131yla Reeman, d\u00fcnya \u00e7ap\u0131ndaki i\u015fletmelere son teknoloji otomasyon sunar. 200+ patentle desteklenen yapay zeka destekli robotlar\u0131m\u0131z, sorunsuz da\u011f\u0131t\u0131m\u2026","rel":"","context":"Benzer yaz\u0131","block_context":{"text":"Benzer yaz\u0131","link":""},"img":{"alt_text":"","src":"https:\/\/i0.wp.com\/reemanbot.com\/wp-content\/uploads\/2026\/01\/%E6%A9%99%E8%89%B2%E7%8A%80%E7%89%9B%E6%96%B0%E6%BF%80%E5%85%89.3-e1767533066653.png?resize=350%2C200&ssl=1","width":350,"height":200,"srcset":"https:\/\/i0.wp.com\/reemanbot.com\/wp-content\/uploads\/2026\/01\/%E6%A9%99%E8%89%B2%E7%8A%80%E7%89%9B%E6%96%B0%E6%BF%80%E5%85%89.3-e1767533066653.png?resize=350%2C200&ssl=1 1x, https:\/\/i0.wp.com\/reemanbot.com\/wp-content\/uploads\/2026\/01\/%E6%A9%99%E8%89%B2%E7%8A%80%E7%89%9B%E6%96%B0%E6%BF%80%E5%85%89.3-e1767533066653.png?resize=525%2C300&ssl=1 1.5x, https:\/\/i0.wp.com\/reemanbot.com\/wp-content\/uploads\/2026\/01\/%E6%A9%99%E8%89%B2%E7%8A%80%E7%89%9B%E6%96%B0%E6%BF%80%E5%85%89.3-e1767533066653.png?resize=700%2C400&ssl=1 2x, https:\/\/i0.wp.com\/reemanbot.com\/wp-content\/uploads\/2026\/01\/%E6%A9%99%E8%89%B2%E7%8A%80%E7%89%9B%E6%96%B0%E6%BF%80%E5%85%89.3-e1767533066653.png?resize=1050%2C600&ssl=1 3x, https:\/\/i0.wp.com\/reemanbot.com\/wp-content\/uploads\/2026\/01\/%E6%A9%99%E8%89%B2%E7%8A%80%E7%89%9B%E6%96%B0%E6%BF%80%E5%85%89.3-e1767533066653.png?resize=1400%2C800&ssl=1 4x"},"classes":[]},{"id":10163,"url":"https:\/\/reemanbot.com\/tr\/konfeksiyon-fabrikasi-kasasi\/","url_meta":{"origin":10159,"position":3},"title":"Konfeksiyon Fabrikas\u0131 Kasas\u0131","author":"luo shunchao","date":"01\/11\/2024","format":false,"excerpt":"AMR robotlar\u0131, konfeksiyon fabrikas\u0131 \u00fcretim hatlar\u0131na yard\u0131mc\u0131 oluyor \u00a0 \u00a0 Modern imalat sanayinde, \u00fcretim verimlili\u011fini art\u0131rmak her \u015firketin kar\u015f\u0131 kar\u015f\u0131ya oldu\u011fu \u00f6nemli bir konudur. Bir konfeksiyon fabrikas\u0131, Reeman'\u0131n Big Dog teslimat robotunu tan\u0131tarak, \u00fcretim s\u00fcrecinde kar\u015f\u0131la\u015f\u0131lan bir\u00e7ok zorlu\u011fu ba\u015far\u0131yla \u00e7\u00f6zd\u00fc ve \u00f6nemli verimlilik iyile\u015ftirmeleri elde etti. Bu Otonom Mobil Robot\u2026","rel":"","context":"Benzer yaz\u0131","block_context":{"text":"Benzer yaz\u0131","link":""},"img":{"alt_text":"","src":"","width":0,"height":0},"classes":[]},{"id":10232,"url":"https:\/\/reemanbot.com\/tr\/oyuncak-fabrikasi-davasi\/","url_meta":{"origin":10159,"position":4},"title":"Oyuncak fabrikas\u0131 davas\u0131","author":"luo shunchao","date":"01\/11\/2024","format":false,"excerpt":"Otomotiv \u0130malat\u0131nda Sinek Bot Robotlar\u0131n\u0131n Uygulama \u00d6rne\u011fi ABD'nin Los Angeles kentinde bulunan ve dahili lojistik maliyetleriyle ilgili zorluklarla kar\u015f\u0131 kar\u015f\u0131ya kalan bir otomotiv par\u00e7alar\u0131 \u00fcretim \u015firketi, teslimat s\u00fcre\u00e7lerini optimize etmek i\u00e7in Reeman'\u0131n fiy tekne ta\u015f\u0131ma robotlar\u0131n\u0131 tan\u0131tt\u0131. \u015eirketin birincil g\u00f6revi, dahili teslimat maliyetlerini azaltmakt\u0131. 400'den fazla \u00e7al\u0131\u015fan\u0131 ve 6.000 metrekarelik\u2026","rel":"","context":"Benzer yaz\u0131","block_context":{"text":"Benzer yaz\u0131","link":""},"img":{"alt_text":"","src":"","width":0,"height":0},"classes":[]},{"id":10202,"url":"https:\/\/reemanbot.com\/tr\/gergedan\/","url_meta":{"origin":10159,"position":5},"title":"Gergedan","author":"luo shunchao","date":"12\/11\/2024","format":false,"excerpt":"Gergedan \u00d6zerkForkliftler 1.5T B\u00fcy\u00fck Ta\u015f\u0131ma KapasitesiLazer SLAM NavigasyonuAk\u0131ll\u0131 Engellerden Ka\u00e7\u0131nma.Otomatik \u015farj40.000\u33a1 Seyir Haritas\u0131Otonom Sevk Sistemi2.5m Kriko Y\u00fcksekli\u011fi60m Tek Hatl\u0131 Lazer Radar 2.5m kald\u0131rma y\u00fcksekli\u011fi \u0130stifleme Ta\u015f\u0131ma: \u00c7oklu senaryo kullan\u0131m\u0131. 1.5T B\u00fcy\u00fck Ta\u015f\u0131ma Kapasitesi 2,5 m kald\u0131rma y\u00fcksekli\u011fi ile maksimum 1,5 ton y\u00fck kapasitesi. Ak\u0131ll\u0131 Engellerden Ka\u00e7\u0131nma Aktif ka\u00e7\u0131nma ve daha\u2026","rel":"","context":"Benzer yaz\u0131","block_context":{"text":"Benzer yaz\u0131","link":""},"img":{"alt_text":"null","src":"https:\/\/i0.wp.com\/reemanbot.com\/wp-content\/uploads\/2025\/05\/%E7%AC%AC%E4%BA%8C%E5%B1%8F%E4%B8%AD%E9%97%B4%E5%9B%BE.jpg?resize=350%2C200&ssl=1","width":350,"height":200,"srcset":"https:\/\/i0.wp.com\/reemanbot.com\/wp-content\/uploads\/2025\/05\/%E7%AC%AC%E4%BA%8C%E5%B1%8F%E4%B8%AD%E9%97%B4%E5%9B%BE.jpg?resize=350%2C200&ssl=1 1x, https:\/\/i0.wp.com\/reemanbot.com\/wp-content\/uploads\/2025\/05\/%E7%AC%AC%E4%BA%8C%E5%B1%8F%E4%B8%AD%E9%97%B4%E5%9B%BE.jpg?resize=525%2C300&ssl=1 1.5x, https:\/\/i0.wp.com\/reemanbot.com\/wp-content\/uploads\/2025\/05\/%E7%AC%AC%E4%BA%8C%E5%B1%8F%E4%B8%AD%E9%97%B4%E5%9B%BE.jpg?resize=700%2C400&ssl=1 2x"},"classes":[]}],"_links":{"self":[{"href":"https:\/\/reemanbot.com\/tr\/wp-json\/wp\/v2\/pages\/10159","targetHints":{"allow":["GET"]}}],"collection":[{"href":"https:\/\/reemanbot.com\/tr\/wp-json\/wp\/v2\/pages"}],"about":[{"href":"https:\/\/reemanbot.com\/tr\/wp-json\/wp\/v2\/types\/page"}],"author":[{"embeddable":true,"href":"https:\/\/reemanbot.com\/tr\/wp-json\/wp\/v2\/users\/247580900"}],"replies":[{"embeddable":true,"href":"https:\/\/reemanbot.com\/tr\/wp-json\/wp\/v2\/comments?post=10159"}],"version-history":[{"count":1,"href":"https:\/\/reemanbot.com\/tr\/wp-json\/wp\/v2\/pages\/10159\/revisions"}],"predecessor-version":[{"id":10160,"href":"https:\/\/reemanbot.com\/tr\/wp-json\/wp\/v2\/pages\/10159\/revisions\/10160"}],"wp:attachment":[{"href":"https:\/\/reemanbot.com\/tr\/wp-json\/wp\/v2\/media?parent=10159"}],"curies":[{"name":"wp","href":"https:\/\/api.w.org\/{rel}","templated":true}]}}