{"id":8546,"date":"2024-11-06T14:33:31","date_gmt":"2024-11-06T06:33:31","guid":{"rendered":"https:\/\/reemanbot.com\/empilhadeiras-mudam-a-eficiencia-do-manuseio\/"},"modified":"2024-11-15T10:57:22","modified_gmt":"2024-11-15T02:57:22","slug":"empilhadeiras-mudam-a-eficiencia-do-manuseio","status":"publish","type":"page","link":"https:\/\/reemanbot.com\/pt-br\/empilhadeiras-mudam-a-eficiencia-do-manuseio\/","title":{"rendered":"Empilhadeiras mudam a efici\u00eancia do manuseio"},"content":{"rendered":"\t\t<div data-elementor-type=\"wp-page\" data-elementor-id=\"8546\" class=\"elementor elementor-8546 elementor-7534\">\n\t\t\t\t<div class=\"elementor-element elementor-element-39a3a46 e-flex e-con-boxed e-con e-parent\" data-id=\"39a3a46\" data-element_type=\"container\" data-e-type=\"container\">\n\t\t\t\t\t<div class=\"e-con-inner\">\n\t\t\t\t<div class=\"elementor-element elementor-element-27e75f6 elementor-widget elementor-widget-heading\" data-id=\"27e75f6\" data-element_type=\"widget\" data-e-type=\"widget\" data-widget_type=\"heading.default\">\n\t\t\t\t\t<h2 class=\"elementor-heading-title elementor-size-default\">Como as empilhadeiras automatizadas podem mudar a efici\u00eancia do manuseio da f\u00e1brica?<\/h2>\t\t\t\t<\/div>\n\t\t\t\t<div class=\"elementor-element elementor-element-74f3e95 elementor-widget elementor-widget-video\" data-id=\"74f3e95\" data-element_type=\"widget\" data-e-type=\"widget\" data-settings=\"{&quot;youtube_url&quot;:&quot;https:\\\/\\\/www.youtube.com\\\/watch?v=xpLqa1T4I9g&quot;,&quot;video_type&quot;:&quot;youtube&quot;,&quot;controls&quot;:&quot;yes&quot;}\" data-widget_type=\"video.default\">\n\t\t\t\t\t\t\t<div class=\"elementor-wrapper elementor-open-inline\">\n\t\t\t<div class=\"elementor-video\"><\/div>\t\t<\/div>\n\t\t\t\t\t\t<\/div>\n\t\t\t\t<div class=\"elementor-element elementor-element-8812374 elementor-widget elementor-widget-text-editor\" data-id=\"8812374\" data-element_type=\"widget\" data-e-type=\"widget\" data-widget_type=\"text-editor.default\">\n\t\t\t\t\t\t\t\t\t<h4>Fundo da f\u00e1brica<\/h4>\n<p> A f\u00e1brica ocupa uma \u00e1rea de 5000 metros quadrados e fabrica principalmente v\u00e1rios componentes eletr\u00f4nicos, equipados com elevadores. As tarefas di\u00e1rias de manuseio s\u00e3o pesadas, com empilhadeiras operando frequentemente entre armaz\u00e9ns e linhas de produ\u00e7\u00e3o, excedendo 100 vezes por dia, com uma \u00fanica viagem transportando cerca de 1 tonelada. As empilhadeiras tradicionais, embora capazes de lidar com as tarefas, dependem de trabalho manual e t\u00eam pouca estabilidade nos elevadores, dificultando a opera\u00e7\u00e3o.  <\/p>\n<h4>Decis\u00e3o de introduzir empilhadeiras aut\u00f4nomas Reeman<\/h4>\n<p> Depois de examinar v\u00e1rias solu\u00e7\u00f5es, a f\u00e1brica escolheu a Reeman Autonomous Forklifts. Esses dispositivos s\u00e3o equipados com fun\u00e7\u00f5es aut\u00f4nomas de preven\u00e7\u00e3o de obst\u00e1culos, navega\u00e7\u00e3o aut\u00f4noma e eleva\u00e7\u00e3o autom\u00e1tica de paletes, capazes de entrar e sair com precis\u00e3o de elevadores. A tecnologia de troca autom\u00e1tica de bateria garante que as empilhadeiras possam operar 24 horas por dia sem interrup\u00e7\u00e3o, reduzindo bastante a interven\u00e7\u00e3o humana.  <\/p>\n<h4>Destaques da aplica\u00e7\u00e3o<\/h4>\n<p>1. Efici\u00eancia significativamente melhorada: A empilhadeira aut\u00f4noma Reeman tem capacidade de carga de 1,5 toneladas, atendendo facilmente \u00e0 demanda di\u00e1ria da f\u00e1brica por centenas de tarefas de manuseio, garantindo o abastecimento da linha de produ\u00e7\u00e3o.<\/p>\n<p>2. Custos de m\u00e3o de obra reduzidos: A empilhadeira alcan\u00e7ou automa\u00e7\u00e3o total, eliminando a necessidade de opera\u00e7\u00e3o manual. O pessoal de gerenciamento indicou que a empilhadeira aut\u00f4noma reduziu a chance de erros e melhorou significativamente a efici\u00eancia. <\/p>\n<p>3. Maior seguran\u00e7a e estabilidade: A empilhadeira aut\u00f4noma possui recursos autom\u00e1ticos de preven\u00e7\u00e3o de obst\u00e1culos, permitindo que ela opere sem problemas mesmo durante os per\u00edodos de pico sem afetar outros equipamentos.<\/p>\n<p>4. Adaptabilidade a ambientes de v\u00e1rios andares: A empilhadeira pode entrar e sair com precis\u00e3o de elevadores, adaptando-se \u00e0s necessidades de manuseio de v\u00e1rios andares. A f\u00e1brica n\u00e3o precisa de modifica\u00e7\u00f5es adicionais para desfrutar de sua conveni\u00eancia. <\/p>\n<h4>Feedback e sugest\u00f5es da ger\u00eancia<\/h4>\n<p> A administra\u00e7\u00e3o da f\u00e1brica reconhece altamente o desempenho das empilhadeiras aut\u00f4nomas Reeman, particularmente impressionada com os ganhos de efici\u00eancia trazidos por suas tecnologias de navega\u00e7\u00e3o e preven\u00e7\u00e3o de obst\u00e1culos. A administra\u00e7\u00e3o sugere que melhorias futuras podem incluir recursos de monitoramento remoto para as empilhadeiras rastrearem seu status em tempo real durante os per\u00edodos de pico de opera\u00e7\u00e3o, aumentando a flexibilidade geral do gerenciamento. <\/p>\n<p> A aplica\u00e7\u00e3o bem-sucedida das empilhadeiras aut\u00f4nomas Reeman n\u00e3o apenas melhorou a efici\u00eancia do manuseio, mas tamb\u00e9m reduziu efetivamente os custos operacionais. A preven\u00e7\u00e3o aut\u00f4noma de obst\u00e1culos e os recursos de troca autom\u00e1tica de baterias permitiram que a f\u00e1brica percebesse o potencial de produ\u00e7\u00e3o 24 horas. Esta solu\u00e7\u00e3o de manuseio inteligente fornece uma refer\u00eancia eficaz para que mais empresas aumentem os benef\u00edcios da produ\u00e7\u00e3o.  <\/p>\n<p> A aplica\u00e7\u00e3o das Empilhadeiras Aut\u00f4nomas Reeman nesta f\u00e1brica demonstra as vantagens do manuseio automatizado, resolvendo os problemas das empilhadeiras tradicionais e alcan\u00e7ando uma dupla melhoria de custo e efici\u00eancia em um curto per\u00edodo. Por meio de empilhadeiras inteligentes, a f\u00e1brica reduziu efetivamente os custos operacionais e mostrou o potencial para atualiza\u00e7\u00f5es de fabrica\u00e7\u00e3o. Se sua empresa tamb\u00e9m enfrenta desafios de manuseio, as empilhadeiras aut\u00f4nomas Reeman ser\u00e3o a escolha ideal.  <\/p>\n\t\t\t\t\t\t\t\t<\/div>\n\t\t\t\t\t<\/div>\n\t\t\t\t<\/div>\n\t\t<div class=\"elementor-element elementor-element-bf5c8b1 e-flex e-con-boxed e-con e-parent\" data-id=\"bf5c8b1\" data-element_type=\"container\" data-e-type=\"container\">\n\t\t\t\t\t<div class=\"e-con-inner\">\n\t\t<div class=\"elementor-element elementor-element-0452060 e-con-full e-flex e-con e-child\" data-id=\"0452060\" data-element_type=\"container\" data-e-type=\"container\">\n\t\t<div class=\"elementor-element elementor-element-38a91d0 e-con-full e-flex e-con e-child\" data-id=\"38a91d0\" data-element_type=\"container\" data-e-type=\"container\">\n\t\t\t\t<div class=\"elementor-element elementor-element-5ec898c elementor-widget elementor-widget-button\" data-id=\"5ec898c\" data-element_type=\"widget\" data-e-type=\"widget\" data-widget_type=\"button.default\">\n\t\t\t\t\t\t\t\t\t\t<a class=\"elementor-button elementor-button-link elementor-size-sm\" href=\"https:\/\/reemanbot.com\/forklifts-empower-factories\/\">\n\t\t\t\t\t\t<span class=\"elementor-button-content-wrapper\">\n\t\t\t\t\t\t<span class=\"elementor-button-icon\">\n\t\t\t\t<svg aria-hidden=\"true\" class=\"e-font-icon-svg e-fas-arrow-left\" viewBox=\"0 0 448 512\" xmlns=\"http:\/\/www.w3.org\/2000\/svg\"><path d=\"M257.5 445.1l-22.2 22.2c-9.4 9.4-24.6 9.4-33.9 0L7 273c-9.4-9.4-9.4-24.6 0-33.9L201.4 44.7c9.4-9.4 24.6-9.4 33.9 0l22.2 22.2c9.5 9.5 9.3 25-.4 34.3L136.6 216H424c13.3 0 24 10.7 24 24v32c0 13.3-10.7 24-24 24H136.6l120.5 114.8c9.8 9.3 10 24.8.4 34.3z\"><\/path><\/svg>\t\t\t<\/span>\n\t\t\t\t\t\t\t\t\t<span class=\"elementor-button-text\">Anterior<\/span>\n\t\t\t\t\t<\/span>\n\t\t\t\t\t<\/a>\n\t\t\t\t\t\t\t\t<\/div>\n\t\t\t\t<\/div>\n\t\t<div class=\"elementor-element elementor-element-04c5ccc e-con-full e-flex e-con e-child\" data-id=\"04c5ccc\" data-element_type=\"container\" data-e-type=\"container\">\n\t\t\t\t<\/div>\n\t\t<div class=\"elementor-element elementor-element-09ee66a e-con-full e-flex e-con e-child\" data-id=\"09ee66a\" data-element_type=\"container\" data-e-type=\"container\">\n\t\t\t\t<\/div>\n\t\t<div class=\"elementor-element elementor-element-7995f8e e-con-full e-flex e-con e-child\" data-id=\"7995f8e\" data-element_type=\"container\" data-e-type=\"container\">\n\t\t\t\t<div class=\"elementor-element elementor-element-b76c098 elementor-widget elementor-widget-button\" data-id=\"b76c098\" data-element_type=\"widget\" data-e-type=\"widget\" data-widget_type=\"button.default\">\n\t\t\t\t\t\t\t\t\t\t<a class=\"elementor-button elementor-button-link elementor-size-sm\" href=\"https:\/\/reemanbot.com\/pt-br\/empilhadeiras-autonomas-uma-nova-forca-na-cadeia-de-suprimentos-de-logistica-e-armazenamento\/\">\n\t\t\t\t\t\t<span class=\"elementor-button-content-wrapper\">\n\t\t\t\t\t\t<span class=\"elementor-button-icon\">\n\t\t\t\t<svg aria-hidden=\"true\" class=\"e-font-icon-svg e-fas-arrow-right\" viewBox=\"0 0 448 512\" xmlns=\"http:\/\/www.w3.org\/2000\/svg\"><path d=\"M190.5 66.9l22.2-22.2c9.4-9.4 24.6-9.4 33.9 0L441 239c9.4 9.4 9.4 24.6 0 33.9L246.6 467.3c-9.4 9.4-24.6 9.4-33.9 0l-22.2-22.2c-9.5-9.5-9.3-25 .4-34.3L311.4 296H24c-13.3 0-24-10.7-24-24v-32c0-13.3 10.7-24 24-24h287.4L190.9 101.2c-9.8-9.3-10-24.8-.4-34.3z\"><\/path><\/svg>\t\t\t<\/span>\n\t\t\t\t\t\t\t\t\t<span class=\"elementor-button-text\">Pr\u00f3ximo<\/span>\n\t\t\t\t\t<\/span>\n\t\t\t\t\t<\/a>\n\t\t\t\t\t\t\t\t<\/div>\n\t\t\t\t<\/div>\n\t\t\t\t<\/div>\n\t\t\t\t\t<\/div>\n\t\t\t\t<\/div>\n\t\t\t\t<\/div>\n\t\t","protected":false},"excerpt":{"rendered":"<p>Como as empilhadeiras automatizadas podem mudar a efici\u00eancia do manuseio da f\u00e1brica? <a href=\"https:\/\/www.youtube.com\/watch?v=xpLqa1T4I9g\" rel=\"nofollow\">https:\/\/www.youtube.com\/watch?v=xpLqa1T4I9g<\/a> Fundo da f\u00e1brica A f\u00e1brica ocupa uma [&hellip;]<\/p>\n","protected":false},"author":247580900,"featured_media":0,"parent":0,"menu_order":0,"comment_status":"closed","ping_status":"closed","template":"","meta":{"_crdt_document":"","om_disable_all_campaigns":false,"_uag_custom_page_level_css":"","advgb_blocks_editor_width":"","advgb_blocks_columns_visual_guide":"","site-sidebar-layout":"no-sidebar","site-content-layout":"","ast-site-content-layout":"full-width-container","site-content-style":"default","site-sidebar-style":"default","ast-global-header-display":"","ast-banner-title-visibility":"","ast-main-header-display":"","ast-hfb-above-header-display":"","ast-hfb-below-header-display":"","ast-hfb-mobile-header-display":"","site-post-title":"disabled","ast-breadcrumbs-content":"","ast-featured-img":"disabled","footer-sml-layout":"","theme-transparent-header-meta":"default","adv-header-id-meta":"","stick-header-meta":"","header-above-stick-meta":"","header-main-stick-meta":"","header-below-stick-meta":"","astra-migrate-meta-layouts":"default","ast-page-background-enabled":"default","ast-page-background-meta":{"desktop":{"background-color":"var(--ast-global-color-4)","background-image":"","background-repeat":"repeat","background-position":"center center","background-size":"auto","background-attachment":"scroll","background-type":"","background-media":"","overlay-type":"","overlay-color":"","overlay-opacity":"","overlay-gradient":""},"tablet":{"background-color":"","background-image":"","background-repeat":"repeat","background-position":"center center","background-size":"auto","background-attachment":"scroll","background-type":"","background-media":"","overlay-type":"","overlay-color":"","overlay-opacity":"","overlay-gradient":""},"mobile":{"background-color":"","background-image":"","background-repeat":"repeat","background-position":"center center","background-size":"auto","background-attachment":"scroll","background-type":"","background-media":"","overlay-type":"","overlay-color":"","overlay-opacity":"","overlay-gradient":""}},"ast-content-background-meta":{"desktop":{"background-color":"var(--ast-global-color-5)","background-image":"","background-repeat":"repeat","background-position":"center center","background-size":"auto","background-attachment":"scroll","background-type":"","background-media":"","overlay-type":"","overlay-color":"","overlay-opacity":"","overlay-gradient":""},"tablet":{"background-color":"var(--ast-global-color-5)","background-image":"","background-repeat":"repeat","background-position":"center center","background-size":"auto","background-attachment":"scroll","background-type":"","background-media":"","overlay-type":"","overlay-color":"","overlay-opacity":"","overlay-gradient":""},"mobile":{"background-color":"var(--ast-global-color-5)","background-image":"","background-repeat":"repeat","background-position":"center center","background-size":"auto","background-attachment":"scroll","background-type":"","background-media":"","overlay-type":"","overlay-color":"","overlay-opacity":"","overlay-gradient":""}},"footnotes":""},"class_list":["post-8546","page","type-page","status-publish","hentry"],"aioseo_notices":[],"uagb_featured_image_src":{"full":false,"thumbnail":false,"medium":false,"medium_large":false,"large":false,"1536x1536":false,"2048x2048":false,"newspack-article-block-landscape-large":false,"newspack-article-block-portrait-large":false,"newspack-article-block-square-large":false,"newspack-article-block-landscape-medium":false,"newspack-article-block-portrait-medium":false,"newspack-article-block-square-medium":false,"newspack-article-block-landscape-intermediate":false,"newspack-article-block-portrait-intermediate":false,"newspack-article-block-square-intermediate":false,"newspack-article-block-landscape-small":false,"newspack-article-block-portrait-small":false,"newspack-article-block-square-small":false,"newspack-article-block-landscape-tiny":false,"newspack-article-block-portrait-tiny":false,"newspack-article-block-square-tiny":false,"newspack-article-block-uncropped":false},"uagb_author_info":{"display_name":"luo shunchao","author_link":"https:\/\/reemanbot.com\/pt-br\/author\/luoshunchao2023\/"},"uagb_comment_info":0,"uagb_excerpt":"Como as empilhadeiras automatizadas podem mudar a efici\u00eancia do manuseio da f\u00e1brica? https:\/\/www.youtube.com\/watch?v=xpLqa1T4I9g Fundo da f\u00e1brica A f\u00e1brica ocupa uma [&hellip;]","coauthors":[],"author_meta":{"author_link":"https:\/\/reemanbot.com\/pt-br\/author\/luoshunchao2023\/","display_name":"luo shunchao"},"relative_dates":{"created":"Publicado 2 anos atr\u00e1s","modified":"Atualizado 1 ano atr\u00e1s"},"absolute_dates":{"created":"Publicado em 06\/11\/2024","modified":"Atualizado em 15\/11\/2024"},"absolute_dates_time":{"created":"Publicado em 06\/11\/2024 14:33","modified":"Atualizado em 15\/11\/2024 10:57"},"featured_img_caption":"","featured_img":false,"series_order":"","jetpack_likes_enabled":false,"jetpack_sharing_enabled":true,"jetpack_shortlink":"https:\/\/wp.me\/PfA2Xc-2dQ","jetpack-related-posts":[{"id":8548,"url":"https:\/\/reemanbot.com\/pt-br\/empilhadeiras-capacitam-fabricas\/","url_meta":{"origin":8546,"position":0},"title":"Empilhadeiras capacitam f\u00e1bricas","author":"luo shunchao","date":"06\/11\/2024","format":false,"excerpt":"Opera\u00e7\u00e3o ininterrupta 24 horas por dia, 7 dias por semana, empilhadeiras Reeman capacitam f\u00e1bricas https:\/\/www.youtube.com\/watch?v=LqAdlS4SnkcIntrodu\u00e7\u00e3o de fundo A f\u00e1brica ocupa uma \u00e1rea de 48.726 metros quadrados e inclui v\u00e1rias \u00e1reas: um armaz\u00e9m de mat\u00e9ria-prima de 3 andares, um armaz\u00e9m frigor\u00edfico, uma oficina de produ\u00e7\u00e3o de 2 andares e um armaz\u00e9m\u2026","rel":"","context":"Post similar","block_context":{"text":"Post similar","link":""},"img":{"alt_text":"","src":"","width":0,"height":0},"classes":[]},{"id":8519,"url":"https:\/\/reemanbot.com\/pt-br\/empilhadeiras-autonomas-uma-nova-forca-na-cadeia-de-suprimentos-de-logistica-e-armazenamento\/","url_meta":{"origin":8546,"position":1},"title":"Empilhadeiras aut\u00f4nomas: uma nova for\u00e7a na cadeia de suprimentos de log\u00edstica e armazenamento","author":"luo shunchao","date":"08\/11\/2024","format":false,"excerpt":"Empilhadeiras aut\u00f4nomas: uma nova for\u00e7a na cadeia de suprimentos de log\u00edstica e armazenamento Em um movimentado centro de log\u00edstica e cadeia de suprimentos de armazenamento em Longhua, Shenzhen, Guangdong, China, todos os tipos de mercadorias de paletes s\u00e3o organizados ordenadamente, e as empilhadeiras aut\u00f4nomas transportam mercadorias de paletes para \u00e1reas\u2026","rel":"","context":"Post similar","block_context":{"text":"Post similar","link":""},"img":{"alt_text":"null","src":"https:\/\/i0.wp.com\/reemanbot.com\/wp-content\/uploads\/2024\/11\/%E5%9B%BE%E7%89%8711.8.png?fit=1024%2C683&ssl=1&resize=350%2C200","width":350,"height":200,"srcset":"https:\/\/i0.wp.com\/reemanbot.com\/wp-content\/uploads\/2024\/11\/%E5%9B%BE%E7%89%8711.8.png?fit=1024%2C683&ssl=1&resize=350%2C200 1x, https:\/\/i0.wp.com\/reemanbot.com\/wp-content\/uploads\/2024\/11\/%E5%9B%BE%E7%89%8711.8.png?fit=1024%2C683&ssl=1&resize=525%2C300 1.5x, https:\/\/i0.wp.com\/reemanbot.com\/wp-content\/uploads\/2024\/11\/%E5%9B%BE%E7%89%8711.8.png?fit=1024%2C683&ssl=1&resize=700%2C400 2x"},"classes":[]},{"id":8578,"url":"https:\/\/reemanbot.com\/pt-br\/","url_meta":{"origin":8546,"position":2},"title":"Fornecedor profissional de rob\u00f4s de entrega","author":"luo shunchao","date":"05\/03\/2024","format":false,"excerpt":"Rob\u00f4s m\u00f3veis inteligentes Automatize seu futuro com a pr\u00f3xima inova\u00e7\u00e3o m\u00f3vel Pedir um julgamento gratuito Ironhide Autonomous Forklift HAMMER Autonomous Forklift Rhinoceros Autonomous Forklift Mini Autonomous Forklift Seu parceiro especialista em solu\u00e7\u00f5es de rob\u00f3tica m\u00f3vel Com uma d\u00e9cada de experi\u00eancia no setor, a Reeman oferece automa\u00e7\u00e3o de ponta para empresas\u2026","rel":"","context":"Post similar","block_context":{"text":"Post similar","link":""},"img":{"alt_text":"","src":"https:\/\/i0.wp.com\/reemanbot.com\/wp-content\/uploads\/2026\/01\/%E6%A9%99%E8%89%B2%E7%8A%80%E7%89%9B%E6%96%B0%E6%BF%80%E5%85%89.3-e1767533066653.png?resize=350%2C200&ssl=1","width":350,"height":200,"srcset":"https:\/\/i0.wp.com\/reemanbot.com\/wp-content\/uploads\/2026\/01\/%E6%A9%99%E8%89%B2%E7%8A%80%E7%89%9B%E6%96%B0%E6%BF%80%E5%85%89.3-e1767533066653.png?resize=350%2C200&ssl=1 1x, https:\/\/i0.wp.com\/reemanbot.com\/wp-content\/uploads\/2026\/01\/%E6%A9%99%E8%89%B2%E7%8A%80%E7%89%9B%E6%96%B0%E6%BF%80%E5%85%89.3-e1767533066653.png?resize=525%2C300&ssl=1 1.5x, https:\/\/i0.wp.com\/reemanbot.com\/wp-content\/uploads\/2026\/01\/%E6%A9%99%E8%89%B2%E7%8A%80%E7%89%9B%E6%96%B0%E6%BF%80%E5%85%89.3-e1767533066653.png?resize=700%2C400&ssl=1 2x, https:\/\/i0.wp.com\/reemanbot.com\/wp-content\/uploads\/2026\/01\/%E6%A9%99%E8%89%B2%E7%8A%80%E7%89%9B%E6%96%B0%E6%BF%80%E5%85%89.3-e1767533066653.png?resize=1050%2C600&ssl=1 3x, https:\/\/i0.wp.com\/reemanbot.com\/wp-content\/uploads\/2026\/01\/%E6%A9%99%E8%89%B2%E7%8A%80%E7%89%9B%E6%96%B0%E6%BF%80%E5%85%89.3-e1767533066653.png?resize=1400%2C800&ssl=1 4x"},"classes":[]},{"id":8550,"url":"https:\/\/reemanbot.com\/pt-br\/caso-de-fabrica-de-vestuario\/","url_meta":{"origin":8546,"position":3},"title":"Caso de f\u00e1brica de vestu\u00e1rio","author":"luo shunchao","date":"01\/11\/2024","format":false,"excerpt":"Rob\u00f4s AMR ajudam as linhas de produ\u00e7\u00e3o de f\u00e1bricas de roupas \u00a0 \u00a0 Na ind\u00fastria de manufatura moderna, melhorar a efici\u00eancia da produ\u00e7\u00e3o \u00e9 uma quest\u00e3o importante que toda empresa enfrenta. Uma f\u00e1brica de roupas, ao introduzir o rob\u00f4 de entrega Big Dog da Reeman, resolveu com sucesso v\u00e1rios desafios\u2026","rel":"","context":"Post similar","block_context":{"text":"Post similar","link":""},"img":{"alt_text":"","src":"","width":0,"height":0},"classes":[]},{"id":8617,"url":"https:\/\/reemanbot.com\/pt-br\/estojo-de-fabrica-de-brinquedos\/","url_meta":{"origin":8546,"position":4},"title":"Estojo de f\u00e1brica de brinquedos","author":"luo shunchao","date":"01\/11\/2024","format":false,"excerpt":"Caso de aplica\u00e7\u00e3o de rob\u00f4s de barco voador na fabrica\u00e7\u00e3o automotiva Uma empresa de fabrica\u00e7\u00e3o de pe\u00e7as automotivas com sede em Los Angeles, EUA, enfrentando desafios com custos log\u00edsticos internos, introduziu os rob\u00f4s de manuseio de barcos fiy da Reeman para otimizar os processos de entrega. A principal tarefa da\u2026","rel":"","context":"Post similar","block_context":{"text":"Post similar","link":""},"img":{"alt_text":"","src":"","width":0,"height":0},"classes":[]},{"id":8603,"url":"https:\/\/reemanbot.com\/pt-br\/stackman\/","url_meta":{"origin":8546,"position":5},"title":"Stackman","author":"luo shunchao","date":"26\/10\/2024","format":false,"excerpt":"Stackman 1200 Empilhadeira Aut\u00f4noma Plataforma SDK aberto Plataforma de hardware e software totalmente aberta, fornecendo interface API, rica documenta\u00e7\u00e3o de suporte t\u00e9cnico, auxiliando no desenvolvimento de produtos por toda parte. Plataforma de servi\u00e7o em nuvem A plataforma em nuvem suporta navega\u00e7\u00e3o remota para criar uma implanta\u00e7\u00e3o de mapa, exibi\u00e7\u00e3o em\u2026","rel":"","context":"Post similar","block_context":{"text":"Post similar","link":""},"img":{"alt_text":"","src":"","width":0,"height":0},"classes":[]}],"_links":{"self":[{"href":"https:\/\/reemanbot.com\/pt-br\/wp-json\/wp\/v2\/pages\/8546","targetHints":{"allow":["GET"]}}],"collection":[{"href":"https:\/\/reemanbot.com\/pt-br\/wp-json\/wp\/v2\/pages"}],"about":[{"href":"https:\/\/reemanbot.com\/pt-br\/wp-json\/wp\/v2\/types\/page"}],"author":[{"embeddable":true,"href":"https:\/\/reemanbot.com\/pt-br\/wp-json\/wp\/v2\/users\/247580900"}],"replies":[{"embeddable":true,"href":"https:\/\/reemanbot.com\/pt-br\/wp-json\/wp\/v2\/comments?post=8546"}],"version-history":[{"count":1,"href":"https:\/\/reemanbot.com\/pt-br\/wp-json\/wp\/v2\/pages\/8546\/revisions"}],"predecessor-version":[{"id":8547,"href":"https:\/\/reemanbot.com\/pt-br\/wp-json\/wp\/v2\/pages\/8546\/revisions\/8547"}],"wp:attachment":[{"href":"https:\/\/reemanbot.com\/pt-br\/wp-json\/wp\/v2\/media?parent=8546"}],"curies":[{"name":"wp","href":"https:\/\/api.w.org\/{rel}","templated":true}]}}