{"id":8535,"date":"2024-03-25T10:47:24","date_gmt":"2024-03-25T02:47:24","guid":{"rendered":"https:\/\/reemanbot.com\/fabrica\/"},"modified":"2024-12-02T21:04:30","modified_gmt":"2024-12-02T13:04:30","slug":"fabrica","status":"publish","type":"page","link":"https:\/\/reemanbot.com\/pt-br\/fabrica\/","title":{"rendered":"F\u00e1brica"},"content":{"rendered":"\t\t<div data-elementor-type=\"wp-page\" data-elementor-id=\"8535\" class=\"elementor elementor-8535 elementor-2107\">\n\t\t\t\t<div class=\"elementor-element elementor-element-9482efb e-con-full e-flex e-con e-parent\" data-id=\"9482efb\" data-element_type=\"container\" data-e-type=\"container\">\n\t\t<div class=\"elementor-element elementor-element-0742f27 e-con-full e-flex e-con e-child\" data-id=\"0742f27\" data-element_type=\"container\" data-e-type=\"container\" data-settings=\"{&quot;background_background&quot;:&quot;classic&quot;}\">\n\t\t\t\t<\/div>\n\t\t\t\t<\/div>\n\t\t<div class=\"elementor-element elementor-element-f87babe e-flex e-con-boxed e-con e-parent\" data-id=\"f87babe\" data-element_type=\"container\" data-e-type=\"container\">\n\t\t\t\t\t<div class=\"e-con-inner\">\n\t\t\t\t<div class=\"elementor-element elementor-element-6d971e2 elementor-widget elementor-widget-heading\" data-id=\"6d971e2\" data-element_type=\"widget\" data-e-type=\"widget\" data-widget_type=\"heading.default\">\n\t\t\t\t\t<h1 class=\"elementor-heading-title elementor-size-default\">Caso de f\u00e1brica<\/h1>\t\t\t\t<\/div>\n\t\t\t\t<div class=\"elementor-element elementor-element-0611822 elementor-position-left elementor-vertical-align-top elementor-widget elementor-widget-image-box\" data-id=\"0611822\" data-element_type=\"widget\" data-e-type=\"widget\" data-widget_type=\"image-box.default\">\n\t\t\t\t\t<div class=\"elementor-image-box-wrapper\"><figure class=\"elementor-image-box-img\"><a href=\"https:\/\/reemanbot.com\/pt-br\/dongguan-caso\/\" tabindex=\"-1\"><img fetchpriority=\"high\" decoding=\"async\" data-attachment-id=\"8586\" data-permalink=\"https:\/\/reemanbot.com\/pt-br\/fornecedor-profissional-de-robos-de-entrega\/%e5%9b%be%e7%89%871-4-2\/\" data-orig-file=\"https:\/\/i0.wp.com\/reemanbot.com\/wp-content\/uploads\/2024\/10\/%E5%9B%BE%E7%89%871.png?fit=864%2C486&amp;ssl=1\" data-orig-size=\"864,486\" data-comments-opened=\"1\" data-image-meta=\"{&quot;aperture&quot;:&quot;0&quot;,&quot;credit&quot;:&quot;&quot;,&quot;camera&quot;:&quot;&quot;,&quot;caption&quot;:&quot;&quot;,&quot;created_timestamp&quot;:&quot;0&quot;,&quot;copyright&quot;:&quot;&quot;,&quot;focal_length&quot;:&quot;0&quot;,&quot;iso&quot;:&quot;0&quot;,&quot;shutter_speed&quot;:&quot;0&quot;,&quot;title&quot;:&quot;&quot;,&quot;orientation&quot;:&quot;0&quot;}\" data-image-title=\"\u56fe\u72471\" data-image-description=\"\" data-image-caption=\"\" data-large-file=\"https:\/\/i0.wp.com\/reemanbot.com\/wp-content\/uploads\/2024\/10\/%E5%9B%BE%E7%89%871.png?fit=864%2C486&amp;ssl=1\" width=\"864\" height=\"486\" src=\"https:\/\/i0.wp.com\/reemanbot.com\/wp-content\/uploads\/2024\/10\/%E5%9B%BE%E7%89%871.png?fit=864%2C486&amp;ssl=1\" class=\"attachment-full size-full wp-image-8586\" alt=\"\" data-attachment-id=\"8586\" data-permalink=\"https:\/\/reemanbot.com\/profession-delivery-robot-provider\/%e5%9b%be%e7%89%871-4\/\" data-orig-file=\"https:\/\/i0.wp.com\/reemanbot.com\/wp-content\/uploads\/2024\/10\/%E5%9B%BE%E7%89%871.png?fit=864%2C486&amp;ssl=1\" data-orig-size=\"864,486\" data-comments-opened=\"1\" data-image-meta=\"{&quot;aperture&quot;:&quot;0&quot;,&quot;credit&quot;:&quot;&quot;,&quot;camera&quot;:&quot;&quot;,&quot;caption&quot;:&quot;&quot;,&quot;created_timestamp&quot;:&quot;0&quot;,&quot;copyright&quot;:&quot;&quot;,&quot;focal_length&quot;:&quot;0&quot;,&quot;iso&quot;:&quot;0&quot;,&quot;shutter_speed&quot;:&quot;0&quot;,&quot;title&quot;:&quot;&quot;,&quot;orientation&quot;:&quot;0&quot;}\" data-image-title=\"\u56fe\u72471\" data-image-description=\"\" data-image-caption=\"\" data-large-file=\"https:\/\/i0.wp.com\/reemanbot.com\/wp-content\/uploads\/2024\/10\/%E5%9B%BE%E7%89%871.png?fit=864%2C486&amp;ssl=1\" \/><\/a><\/figure><div class=\"elementor-image-box-content\"><h3 class=\"elementor-image-box-title\"><a href=\"https:\/\/reemanbot.com\/pt-br\/dongguan-caso\/\">O rob\u00f4 de manuseio est\u00e1 estacionado na f\u00e1brica de PCB em Dongguan, China, para ver como ele realiza o processo de produ\u00e7\u00e3o inteligente!<\/a><\/h3><p class=\"elementor-image-box-description\">Com o uso crescente de rob\u00f4s de manuseio ARM, seja na ind\u00fastria de fabrica\u00e7\u00e3o de eletr\u00f4nicos, tratamento m\u00e9dico, ind\u00fastria e outros campos, porque os rob\u00f4s de manuseio ARM podem economizar muitos custos de m\u00e3o de obra, de modo que seus n\u00fameros aparecem cada vez com mais frequ\u00eancia. Uma f\u00e1brica de PCB na cidade de Dongguan, prov\u00edncia de Guangdong, China, usa rob\u00f4s de manuseio Reeman ARM para promover a produ\u00e7\u00e3o inteligente...<span style=\"color: #00fF00\">\n<a href=\"https:\/\/reemanbot.com\/pt-br\/dongguan-caso\/\"> Leia mais<\/a>\n<\/span><\/p><\/div><\/div>\t\t\t\t<\/div>\n\t\t\t\t<div class=\"elementor-element elementor-element-cf7df9f elementor-position-left elementor-vertical-align-top elementor-widget elementor-widget-image-box\" data-id=\"cf7df9f\" data-element_type=\"widget\" data-e-type=\"widget\" data-widget_type=\"image-box.default\">\n\t\t\t\t\t<div class=\"elementor-image-box-wrapper\"><figure class=\"elementor-image-box-img\"><a href=\"https:\/\/reemanbot.com\/pt-br\/caso-de-fabrica-de-moldes\/\" tabindex=\"-1\"><img decoding=\"async\" data-attachment-id=\"8537\" data-permalink=\"https:\/\/reemanbot.com\/pt-br\/fabrica\/%e5%be%ae%e4%bf%a1%e5%9b%be%e7%89%87_20241101110541-2\/\" data-orig-file=\"https:\/\/i0.wp.com\/reemanbot.com\/wp-content\/uploads\/2024\/11\/%E5%BE%AE%E4%BF%A1%E5%9B%BE%E7%89%87_20241101110541.png?fit=864%2C486&amp;ssl=1\" data-orig-size=\"864,486\" data-comments-opened=\"1\" data-image-meta=\"{&quot;aperture&quot;:&quot;0&quot;,&quot;credit&quot;:&quot;&quot;,&quot;camera&quot;:&quot;&quot;,&quot;caption&quot;:&quot;&quot;,&quot;created_timestamp&quot;:&quot;0&quot;,&quot;copyright&quot;:&quot;&quot;,&quot;focal_length&quot;:&quot;0&quot;,&quot;iso&quot;:&quot;0&quot;,&quot;shutter_speed&quot;:&quot;0&quot;,&quot;title&quot;:&quot;&quot;,&quot;orientation&quot;:&quot;0&quot;}\" data-image-title=\"\u5fae\u4fe1\u56fe\u7247_20241101110541\" data-image-description=\"\" data-image-caption=\"\" data-large-file=\"https:\/\/i0.wp.com\/reemanbot.com\/wp-content\/uploads\/2024\/11\/%E5%BE%AE%E4%BF%A1%E5%9B%BE%E7%89%87_20241101110541.png?fit=864%2C486&amp;ssl=1\" width=\"864\" height=\"486\" src=\"https:\/\/i0.wp.com\/reemanbot.com\/wp-content\/uploads\/2024\/11\/%E5%BE%AE%E4%BF%A1%E5%9B%BE%E7%89%87_20241101110541.png?fit=864%2C486&amp;ssl=1\" class=\"attachment-full size-full wp-image-8537\" alt=\"\" data-attachment-id=\"8537\" data-permalink=\"https:\/\/reemanbot.com\/factory-case\/%e5%be%ae%e4%bf%a1%e5%9b%be%e7%89%87_20241101110541\/\" data-orig-file=\"https:\/\/i0.wp.com\/reemanbot.com\/wp-content\/uploads\/2024\/11\/%E5%BE%AE%E4%BF%A1%E5%9B%BE%E7%89%87_20241101110541.png?fit=864%2C486&amp;ssl=1\" data-orig-size=\"864,486\" data-comments-opened=\"1\" data-image-meta=\"{&quot;aperture&quot;:&quot;0&quot;,&quot;credit&quot;:&quot;&quot;,&quot;camera&quot;:&quot;&quot;,&quot;caption&quot;:&quot;&quot;,&quot;created_timestamp&quot;:&quot;0&quot;,&quot;copyright&quot;:&quot;&quot;,&quot;focal_length&quot;:&quot;0&quot;,&quot;iso&quot;:&quot;0&quot;,&quot;shutter_speed&quot;:&quot;0&quot;,&quot;title&quot;:&quot;&quot;,&quot;orientation&quot;:&quot;0&quot;}\" data-image-title=\"\u5fae\u4fe1\u56fe\u7247_20241101110541\" data-image-description=\"\" data-image-caption=\"\" data-large-file=\"https:\/\/i0.wp.com\/reemanbot.com\/wp-content\/uploads\/2024\/11\/%E5%BE%AE%E4%BF%A1%E5%9B%BE%E7%89%87_20241101110541.png?fit=864%2C486&amp;ssl=1\" \/><\/a><\/figure><div class=\"elementor-image-box-content\"><h3 class=\"elementor-image-box-title\"><a href=\"https:\/\/reemanbot.com\/pt-br\/caso-de-fabrica-de-moldes\/\">Rob\u00f4s AMR ajudam as linhas de produ\u00e7\u00e3o de f\u00e1bricas de roupas<\/a><\/h3><p class=\"elementor-image-box-description\">Na ind\u00fastria de manufatura moderna, melhorar a efici\u00eancia da produ\u00e7\u00e3o \u00e9 uma quest\u00e3o importante que toda empresa enfrenta. Uma f\u00e1brica de roupas, ao introduzir o rob\u00f4 de entrega Big Dog da Rayman, resolveu com sucesso v\u00e1rios desafios encontrados no processo de produ\u00e7\u00e3o e alcan\u00e7ou melhorias significativas de efici\u00eancia. Este Rob\u00f4 M\u00f3vel Aut\u00f3nomo (AMR) otimizou completamente a ...  <span style=\"color: #00fF00\">\n<a href=\"https:\/\/reemanbot.com\/pt-br\/caso-de-fabrica-de-vestuario\/\"> Leia mais<\/a>\n<\/span><\/p><\/div><\/div>\t\t\t\t<\/div>\n\t\t\t\t<div class=\"elementor-element elementor-element-3d7045e elementor-position-left elementor-vertical-align-top elementor-widget elementor-widget-image-box\" data-id=\"3d7045e\" data-element_type=\"widget\" data-e-type=\"widget\" data-widget_type=\"image-box.default\">\n\t\t\t\t\t<div class=\"elementor-image-box-wrapper\"><figure class=\"elementor-image-box-img\"><a href=\"https:\/\/reemanbot.com\/pt-br\/caso-de-fabrica-de-moldes\/\" tabindex=\"-1\"><img decoding=\"async\" data-attachment-id=\"8538\" data-permalink=\"https:\/\/reemanbot.com\/pt-br\/fabrica\/%e5%be%ae%e4%bf%a1%e5%9b%be%e7%89%87_20241101150604-2\/\" data-orig-file=\"https:\/\/i0.wp.com\/reemanbot.com\/wp-content\/uploads\/2024\/11\/%E5%BE%AE%E4%BF%A1%E5%9B%BE%E7%89%87_20241101150604.png?fit=864%2C486&amp;ssl=1\" data-orig-size=\"864,486\" data-comments-opened=\"1\" data-image-meta=\"{&quot;aperture&quot;:&quot;0&quot;,&quot;credit&quot;:&quot;&quot;,&quot;camera&quot;:&quot;&quot;,&quot;caption&quot;:&quot;&quot;,&quot;created_timestamp&quot;:&quot;0&quot;,&quot;copyright&quot;:&quot;&quot;,&quot;focal_length&quot;:&quot;0&quot;,&quot;iso&quot;:&quot;0&quot;,&quot;shutter_speed&quot;:&quot;0&quot;,&quot;title&quot;:&quot;&quot;,&quot;orientation&quot;:&quot;0&quot;}\" data-image-title=\"\u5fae\u4fe1\u56fe\u7247_20241101150604\" data-image-description=\"\" data-image-caption=\"\" data-large-file=\"https:\/\/i0.wp.com\/reemanbot.com\/wp-content\/uploads\/2024\/11\/%E5%BE%AE%E4%BF%A1%E5%9B%BE%E7%89%87_20241101150604.png?fit=864%2C486&amp;ssl=1\" width=\"864\" height=\"486\" src=\"https:\/\/i0.wp.com\/reemanbot.com\/wp-content\/uploads\/2024\/11\/%E5%BE%AE%E4%BF%A1%E5%9B%BE%E7%89%87_20241101150604.png?fit=864%2C486&amp;ssl=1\" class=\"attachment-full size-full wp-image-8538\" alt=\"\" data-attachment-id=\"8538\" data-permalink=\"https:\/\/reemanbot.com\/factory-case\/%e5%be%ae%e4%bf%a1%e5%9b%be%e7%89%87_20241101150604\/\" data-orig-file=\"https:\/\/i0.wp.com\/reemanbot.com\/wp-content\/uploads\/2024\/11\/%E5%BE%AE%E4%BF%A1%E5%9B%BE%E7%89%87_20241101150604.png?fit=864%2C486&amp;ssl=1\" data-orig-size=\"864,486\" data-comments-opened=\"1\" data-image-meta=\"{&quot;aperture&quot;:&quot;0&quot;,&quot;credit&quot;:&quot;&quot;,&quot;camera&quot;:&quot;&quot;,&quot;caption&quot;:&quot;&quot;,&quot;created_timestamp&quot;:&quot;0&quot;,&quot;copyright&quot;:&quot;&quot;,&quot;focal_length&quot;:&quot;0&quot;,&quot;iso&quot;:&quot;0&quot;,&quot;shutter_speed&quot;:&quot;0&quot;,&quot;title&quot;:&quot;&quot;,&quot;orientation&quot;:&quot;0&quot;}\" data-image-title=\"\u5fae\u4fe1\u56fe\u7247_20241101150604\" data-image-description=\"\" data-image-caption=\"\" data-large-file=\"https:\/\/i0.wp.com\/reemanbot.com\/wp-content\/uploads\/2024\/11\/%E5%BE%AE%E4%BF%A1%E5%9B%BE%E7%89%87_20241101150604.png?fit=864%2C486&amp;ssl=1\" \/><\/a><\/figure><div class=\"elementor-image-box-content\"><h3 class=\"elementor-image-box-title\"><a href=\"https:\/\/reemanbot.com\/pt-br\/caso-de-fabrica-de-moldes\/\">Melhoria da efici\u00eancia na f\u00e1brica de moldes: a aplica\u00e7\u00e3o de rob\u00f4s de entrega de c\u00e3es grandes <\/a><\/h3><p class=\"elementor-image-box-description\">Na ind\u00fastria de manufatura cada vez mais competitiva, melhorar a efici\u00eancia da produ\u00e7\u00e3o \u00e9 a principal prioridade para todas as empresas. Recentemente, uma f\u00e1brica de moldes resolveu com sucesso os desafios encontrados no manuseio de mat\u00e9rias-primas pl\u00e1sticas (pellets) introduzindo o rob\u00f4 de entrega Big Dog da Rayman, alcan\u00e7ando assim melhorias significativas de efici\u00eancia. Hist\u00f3rico do caso O ambiente de produ\u00e7\u00e3o desta f\u00e1brica de moldes \u00e9 complexo, cobre uma grande \u00e1rea e inclui v\u00e1rios andares. Tradicionalmente...   <span style=\"color: #00fF00\">\n<a href=\"https:\/\/reemanbot.com\/pt-br\/caso-de-fabrica-de-moldes\/\"> Leia mais<\/a>\n<\/span><\/p><\/div><\/div>\t\t\t\t<\/div>\n\t\t\t\t\t<\/div>\n\t\t\t\t<\/div>\n\t\t\t\t<\/div>\n\t\t","protected":false},"excerpt":{"rendered":"<p>Caso de f\u00e1brica O rob\u00f4 de manuseio est\u00e1 estacionado na f\u00e1brica de PCB em Dongguan, China, para ver como ele [&hellip;]<\/p>\n","protected":false},"author":247580900,"featured_media":0,"parent":0,"menu_order":0,"comment_status":"closed","ping_status":"closed","template":"elementor_header_footer","meta":{"_crdt_document":"","om_disable_all_campaigns":false,"_uag_custom_page_level_css":"","advgb_blocks_editor_width":"","advgb_blocks_columns_visual_guide":"","site-sidebar-layout":"no-sidebar","site-content-layout":"","ast-site-content-layout":"full-width-container","site-content-style":"default","site-sidebar-style":"default","ast-global-header-display":"","ast-banner-title-visibility":"","ast-main-header-display":"","ast-hfb-above-header-display":"","ast-hfb-below-header-display":"","ast-hfb-mobile-header-display":"","site-post-title":"disabled","ast-breadcrumbs-content":"","ast-featured-img":"disabled","footer-sml-layout":"","theme-transparent-header-meta":"default","adv-header-id-meta":"","stick-header-meta":"","header-above-stick-meta":"","header-main-stick-meta":"","header-below-stick-meta":"","astra-migrate-meta-layouts":"set","ast-page-background-enabled":"default","ast-page-background-meta":{"desktop":{"background-color":"var(--ast-global-color-4)","background-image":"","background-repeat":"repeat","background-position":"center center","background-size":"auto","background-attachment":"scroll","background-type":"","background-media":"","overlay-type":"","overlay-color":"","overlay-opacity":"","overlay-gradient":""},"tablet":{"background-color":"","background-image":"","background-repeat":"repeat","background-position":"center center","background-size":"auto","background-attachment":"scroll","background-type":"","background-media":"","overlay-type":"","overlay-color":"","overlay-opacity":"","overlay-gradient":""},"mobile":{"background-color":"","background-image":"","background-repeat":"repeat","background-position":"center center","background-size":"auto","background-attachment":"scroll","background-type":"","background-media":"","overlay-type":"","overlay-color":"","overlay-opacity":"","overlay-gradient":""}},"ast-content-background-meta":{"desktop":{"background-color":"var(--ast-global-color-5)","background-image":"","background-repeat":"repeat","background-position":"center center","background-size":"auto","background-attachment":"scroll","background-type":"","background-media":"","overlay-type":"","overlay-color":"","overlay-opacity":"","overlay-gradient":""},"tablet":{"background-color":"var(--ast-global-color-5)","background-image":"","background-repeat":"repeat","background-position":"center center","background-size":"auto","background-attachment":"scroll","background-type":"","background-media":"","overlay-type":"","overlay-color":"","overlay-opacity":"","overlay-gradient":""},"mobile":{"background-color":"var(--ast-global-color-5)","background-image":"","background-repeat":"repeat","background-position":"center center","background-size":"auto","background-attachment":"scroll","background-type":"","background-media":"","overlay-type":"","overlay-color":"","overlay-opacity":"","overlay-gradient":""}},"jetpack_post_was_ever_published":false,"footnotes":""},"class_list":["post-8535","page","type-page","status-publish","hentry"],"aioseo_notices":[],"uagb_featured_image_src":{"full":false,"thumbnail":false,"medium":false,"medium_large":false,"large":false,"1536x1536":false,"2048x2048":false,"newspack-article-block-landscape-large":false,"newspack-article-block-portrait-large":false,"newspack-article-block-square-large":false,"newspack-article-block-landscape-medium":false,"newspack-article-block-portrait-medium":false,"newspack-article-block-square-medium":false,"newspack-article-block-landscape-intermediate":false,"newspack-article-block-portrait-intermediate":false,"newspack-article-block-square-intermediate":false,"newspack-article-block-landscape-small":false,"newspack-article-block-portrait-small":false,"newspack-article-block-square-small":false,"newspack-article-block-landscape-tiny":false,"newspack-article-block-portrait-tiny":false,"newspack-article-block-square-tiny":false,"newspack-article-block-uncropped":false},"uagb_author_info":{"display_name":"luo shunchao","author_link":"https:\/\/reemanbot.com\/pt-br\/author\/luoshunchao2023\/"},"uagb_comment_info":0,"uagb_excerpt":"Caso de f\u00e1brica O rob\u00f4 de manuseio est\u00e1 estacionado na f\u00e1brica de PCB em Dongguan, China, para ver como ele [&hellip;]","coauthors":[],"author_meta":{"author_link":"https:\/\/reemanbot.com\/pt-br\/author\/luoshunchao2023\/","display_name":"luo shunchao"},"relative_dates":{"created":"Publicado 2 anos atr\u00e1s","modified":"Atualizado 1 ano atr\u00e1s"},"absolute_dates":{"created":"Publicado em 25\/03\/2024","modified":"Atualizado em 02\/12\/2024"},"absolute_dates_time":{"created":"Publicado em 25\/03\/2024 10:47","modified":"Atualizado em 02\/12\/2024 21:04"},"featured_img_caption":"","featured_img":false,"series_order":"","jetpack_likes_enabled":false,"jetpack_sharing_enabled":true,"jetpack_shortlink":"https:\/\/wp.me\/PfA2Xc-2dF","jetpack-related-posts":[{"id":8532,"url":"https:\/\/reemanbot.com\/pt-br\/dongguan-caso\/","url_meta":{"origin":8535,"position":0},"title":"Dongguan Caso","author":"luo shunchao","date":"31\/10\/2024","format":false,"excerpt":"O rob\u00f4 de manuseio est\u00e1 estacionado na f\u00e1brica de PCB de Dongguan para ver como ele realiza o processo de produ\u00e7\u00e3o inteligente! https:\/\/www.youtube.com\/watch?v=5BZpg1hIkBs Com o uso crescente de rob\u00f4s de manuseio ARM, seja na ind\u00fastria de fabrica\u00e7\u00e3o de eletr\u00f4nicos, tratamento m\u00e9dico, ind\u00fastria e outros campos, porque os rob\u00f4s de manuseio\u2026","rel":"","context":"Post similar","block_context":{"text":"Post similar","link":""},"img":{"alt_text":"","src":"","width":0,"height":0},"classes":[]},{"id":8550,"url":"https:\/\/reemanbot.com\/pt-br\/caso-de-fabrica-de-vestuario\/","url_meta":{"origin":8535,"position":1},"title":"Caso de f\u00e1brica de vestu\u00e1rio","author":"luo shunchao","date":"01\/11\/2024","format":false,"excerpt":"Rob\u00f4s AMR ajudam as linhas de produ\u00e7\u00e3o de f\u00e1bricas de roupas \u00a0 \u00a0 Na ind\u00fastria de manufatura moderna, melhorar a efici\u00eancia da produ\u00e7\u00e3o \u00e9 uma quest\u00e3o importante que toda empresa enfrenta. Uma f\u00e1brica de roupas, ao introduzir o rob\u00f4 de entrega Big Dog da Reeman, resolveu com sucesso v\u00e1rios desafios\u2026","rel":"","context":"Post similar","block_context":{"text":"Post similar","link":""},"img":{"alt_text":"","src":"","width":0,"height":0},"classes":[]},{"id":4065,"url":"https:\/\/reemanbot.com\/es\/fabrica\/","url_meta":{"origin":8535,"position":2},"title":"F\u00e1brica","author":"luo shunchao","date":"25\/03\/2024","format":false,"excerpt":"Caja de f\u00e1brica \u00a1El robot de manejo est\u00e1 estacionado en la f\u00e1brica de PCB de Dongguan para ver c\u00f3mo realiza el proceso de producci\u00f3n inteligente!Con el uso cada vez mayor de robots de manipulaci\u00f3n ARM, ya sea en la industria de fabricaci\u00f3n de productos electr\u00f3nicos, tratamiento m\u00e9dico, industria y otros\u2026","rel":"","context":"Post similar","block_context":{"text":"Post similar","link":""},"img":{"alt_text":"null","src":"https:\/\/i0.wp.com\/reemanbot.com\/wp-content\/uploads\/2024\/10\/%E5%9B%BE%E7%89%871.png?resize=350%2C200&ssl=1","width":350,"height":200,"srcset":"https:\/\/i0.wp.com\/reemanbot.com\/wp-content\/uploads\/2024\/10\/%E5%9B%BE%E7%89%871.png?resize=350%2C200&ssl=1 1x, https:\/\/i0.wp.com\/reemanbot.com\/wp-content\/uploads\/2024\/10\/%E5%9B%BE%E7%89%871.png?resize=525%2C300&ssl=1 1.5x, https:\/\/i0.wp.com\/reemanbot.com\/wp-content\/uploads\/2024\/10\/%E5%9B%BE%E7%89%871.png?resize=700%2C400&ssl=1 2x"},"classes":[]},{"id":8576,"url":"https:\/\/reemanbot.com\/pt-br\/caso-de-fabrica-de-moldes\/","url_meta":{"origin":8535,"position":3},"title":"Caso de f\u00e1brica de moldes","author":"luo shunchao","date":"01\/11\/2024","format":false,"excerpt":"Melhoria da efici\u00eancia na f\u00e1brica de moldes: a aplica\u00e7\u00e3o de rob\u00f4s de entrega de c\u00e3es grandes \u00a0 \u00a0 Na ind\u00fastria de manufatura cada vez mais competitiva, melhorar a efici\u00eancia da produ\u00e7\u00e3o \u00e9 a principal prioridade para todas as empresas. Recentemente, uma f\u00e1brica de moldes resolveu com sucesso os desafios encontrados\u2026","rel":"","context":"Post similar","block_context":{"text":"Post similar","link":""},"img":{"alt_text":"","src":"","width":0,"height":0},"classes":[]},{"id":8617,"url":"https:\/\/reemanbot.com\/pt-br\/estojo-de-fabrica-de-brinquedos\/","url_meta":{"origin":8535,"position":4},"title":"Estojo de f\u00e1brica de brinquedos","author":"luo shunchao","date":"01\/11\/2024","format":false,"excerpt":"Caso de aplica\u00e7\u00e3o de rob\u00f4s de barco voador na fabrica\u00e7\u00e3o automotiva Uma empresa de fabrica\u00e7\u00e3o de pe\u00e7as automotivas com sede em Los Angeles, EUA, enfrentando desafios com custos log\u00edsticos internos, introduziu os rob\u00f4s de manuseio de barcos fiy da Reeman para otimizar os processos de entrega. A principal tarefa da\u2026","rel":"","context":"Post similar","block_context":{"text":"Post similar","link":""},"img":{"alt_text":"","src":"","width":0,"height":0},"classes":[]},{"id":8578,"url":"https:\/\/reemanbot.com\/pt-br\/","url_meta":{"origin":8535,"position":5},"title":"Fornecedor profissional de rob\u00f4s de entrega","author":"luo shunchao","date":"05\/03\/2024","format":false,"excerpt":"Seu especialistaParceiro em MobileSolu\u00e7\u00f5es de rob\u00f3tica Explorar mais Empilhadeira aut\u00f4noma Fly Boat Rob\u00f4 de entrega Rob\u00f4 de entrega de Big Dog Moon Knight Chassi do rob\u00f4 Seu parceiro especialista em solu\u00e7\u00f5es de rob\u00f3tica m\u00f3vel Com uma d\u00e9cada de experi\u00eancia no setor, a Reeman oferece automa\u00e7\u00e3o de ponta para empresas em\u2026","rel":"","context":"Post similar","block_context":{"text":"Post similar","link":""},"img":{"alt_text":"","src":"https:\/\/reemanbot.com\/wp-content\/uploads\/2024\/03\/Ironhide.bmp","width":350,"height":200},"classes":[]}],"_links":{"self":[{"href":"https:\/\/reemanbot.com\/pt-br\/wp-json\/wp\/v2\/pages\/8535","targetHints":{"allow":["GET"]}}],"collection":[{"href":"https:\/\/reemanbot.com\/pt-br\/wp-json\/wp\/v2\/pages"}],"about":[{"href":"https:\/\/reemanbot.com\/pt-br\/wp-json\/wp\/v2\/types\/page"}],"author":[{"embeddable":true,"href":"https:\/\/reemanbot.com\/pt-br\/wp-json\/wp\/v2\/users\/247580900"}],"replies":[{"embeddable":true,"href":"https:\/\/reemanbot.com\/pt-br\/wp-json\/wp\/v2\/comments?post=8535"}],"version-history":[{"count":2,"href":"https:\/\/reemanbot.com\/pt-br\/wp-json\/wp\/v2\/pages\/8535\/revisions"}],"predecessor-version":[{"id":9629,"href":"https:\/\/reemanbot.com\/pt-br\/wp-json\/wp\/v2\/pages\/8535\/revisions\/9629"}],"wp:attachment":[{"href":"https:\/\/reemanbot.com\/pt-br\/wp-json\/wp\/v2\/media?parent=8535"}],"curies":[{"name":"wp","href":"https:\/\/api.w.org\/{rel}","templated":true}]}}