{"id":8722,"date":"2024-11-06T14:33:31","date_gmt":"2024-11-06T06:33:31","guid":{"rendered":"https:\/\/reemanbot.com\/las-carretillas-elevadoras-cambian-la-eficiencia-de-manejo\/"},"modified":"2024-11-15T16:55:00","modified_gmt":"2024-11-15T08:55:00","slug":"las-carretillas-elevadoras-cambian-la-eficiencia-de-manejo","status":"publish","type":"page","link":"https:\/\/reemanbot.com\/es\/las-carretillas-elevadoras-cambian-la-eficiencia-de-manejo\/","title":{"rendered":"Las carretillas elevadoras cambian la eficiencia de manejo"},"content":{"rendered":"\t\t<div data-elementor-type=\"wp-page\" data-elementor-id=\"8722\" class=\"elementor elementor-8722 elementor-7534\">\n\t\t\t\t<div class=\"elementor-element elementor-element-39a3a46 e-flex e-con-boxed e-con e-parent\" data-id=\"39a3a46\" data-element_type=\"container\" data-e-type=\"container\">\n\t\t\t\t\t<div class=\"e-con-inner\">\n\t\t\t\t<div class=\"elementor-element elementor-element-27e75f6 elementor-widget elementor-widget-heading\" data-id=\"27e75f6\" data-element_type=\"widget\" data-e-type=\"widget\" data-widget_type=\"heading.default\">\n\t\t\t\t\t<h2 class=\"elementor-heading-title elementor-size-default\">\u00bfC\u00f3mo pueden las carretillas elevadoras automatizadas cambiar la eficiencia de la manipulaci\u00f3n en f\u00e1brica?<\/h2>\t\t\t\t<\/div>\n\t\t\t\t<div class=\"elementor-element elementor-element-74f3e95 elementor-widget elementor-widget-video\" data-id=\"74f3e95\" data-element_type=\"widget\" data-e-type=\"widget\" data-settings=\"{&quot;youtube_url&quot;:&quot;https:\\\/\\\/www.youtube.com\\\/watch?v=xpLqa1T4I9g&quot;,&quot;video_type&quot;:&quot;youtube&quot;,&quot;controls&quot;:&quot;yes&quot;}\" data-widget_type=\"video.default\">\n\t\t\t\t\t\t\t<div class=\"elementor-wrapper elementor-open-inline\">\n\t\t\t<div class=\"elementor-video\"><\/div>\t\t<\/div>\n\t\t\t\t\t\t<\/div>\n\t\t\t\t<div class=\"elementor-element elementor-element-8812374 elementor-widget elementor-widget-text-editor\" data-id=\"8812374\" data-element_type=\"widget\" data-e-type=\"widget\" data-widget_type=\"text-editor.default\">\n\t\t\t\t\t\t\t\t\t<h4>Antecedentes de la f\u00e1brica<\/h4>\n<p> La f\u00e1brica cubre un \u00e1rea de 5000 metros cuadrados y fabrica principalmente varios componentes electr\u00f3nicos, equipados con ascensores. Las tareas diarias de manipulaci\u00f3n son pesadas, con carretillas elevadoras que operan con frecuencia entre los almacenes y las l\u00edneas de producci\u00f3n, superando las 100 veces al d\u00eda, con un solo viaje transportando alrededor de 1 tonelada. Las carretillas elevadoras tradicionales, aunque son capaces de manejar las tareas, dependen del trabajo manual y tienen poca estabilidad en los ascensores, lo que dificulta su operaci\u00f3n.  <\/p>\n<h4>Decisi\u00f3n de introducir las carretillas elevadoras aut\u00f3nomas Reeman<\/h4>\n<p> Despu\u00e9s de examinar m\u00faltiples soluciones, la f\u00e1brica eligi\u00f3 Reeman Autonomous Forklifts. Estos dispositivos est\u00e1n equipados con funciones aut\u00f3nomas de evitaci\u00f3n de obst\u00e1culos, navegaci\u00f3n aut\u00f3noma y elevaci\u00f3n autom\u00e1tica de paletas, capaces de entrar y salir con precisi\u00f3n de los ascensores. La tecnolog\u00eda de cambio autom\u00e1tico de bater\u00edas garantiza que las carretillas elevadoras puedan funcionar durante todo el d\u00eda sin interrupciones, lo que reduce en gran medida la intervenci\u00f3n humana.  <\/p>\n<h4>Aspectos destacados de la aplicaci\u00f3n<\/h4>\n<p>1. Eficiencia significativamente mejorada: la carretilla elevadora aut\u00f3noma Reeman tiene una capacidad de carga de 1,5 toneladas, satisfaciendo f\u00e1cilmente la demanda diaria de la f\u00e1brica para cientos de tareas de manipulaci\u00f3n, asegurando el suministro para la l\u00ednea de producci\u00f3n.<\/p>\n<p>2. Costos de mano de obra reducidos: La carretilla elevadora ha logrado una automatizaci\u00f3n completa, eliminando la necesidad de operaci\u00f3n manual. El personal de gesti\u00f3n ha indicado que la carretilla elevadora aut\u00f3noma ha reducido la posibilidad de errores y ha mejorado significativamente la eficiencia. <\/p>\n<p>3. Mayor seguridad y estabilidad: la carretilla elevadora aut\u00f3noma tiene capacidades autom\u00e1ticas para evitar obst\u00e1culos, lo que le permite operar sin problemas incluso durante los per\u00edodos pico sin afectar a otros equipos.<\/p>\n<p>4. Adaptabilidad a entornos de varios pisos: La carretilla elevadora puede entrar y salir con precisi\u00f3n de ascensores, adapt\u00e1ndose a las necesidades de manejo de varios pisos. La f\u00e1brica no necesita modificaciones adicionales para disfrutar de su comodidad. <\/p>\n<h4>Comentarios y sugerencias de la gerencia<\/h4>\n<p> La direcci\u00f3n de la f\u00e1brica reconoce muy positivamente el rendimiento de las carretillas elevadoras aut\u00f3nomas Reeman, especialmente impresionada por las ganancias de eficiencia que aportan sus tecnolog\u00edas de navegaci\u00f3n y evitaci\u00f3n de obst\u00e1culos. La gerencia sugiere que las mejoras futuras podr\u00edan incluir capacidades de monitoreo remoto para que las carretillas elevadoras rastreen su estado en tiempo real durante los per\u00edodos de mayor operaci\u00f3n, lo que aumenta la flexibilidad general de la administraci\u00f3n. <\/p>\n<p> La aplicaci\u00f3n exitosa de las carretillas elevadoras aut\u00f3nomas Reeman no solo ha mejorado la eficiencia de manejo, sino que tambi\u00e9n ha reducido efectivamente los costos operativos. La evitaci\u00f3n aut\u00f3noma de obst\u00e1culos y las capacidades de intercambio autom\u00e1tico de bater\u00edas han permitido a la f\u00e1brica darse cuenta del potencial de producci\u00f3n las 24 horas. Esta soluci\u00f3n de manipulaci\u00f3n inteligente proporciona una referencia eficaz para que m\u00e1s empresas mejoren los beneficios de la producci\u00f3n.  <\/p>\n<p> La aplicaci\u00f3n de las carretillas elevadoras aut\u00f3nomas Reeman en esta f\u00e1brica demuestra las ventajas de la manipulaci\u00f3n automatizada, resolviendo los problemas de las carretillas elevadoras tradicionales y logrando una doble mejora en costo y eficiencia en un corto per\u00edodo de tiempo. A trav\u00e9s de carretillas elevadoras inteligentes, la f\u00e1brica ha reducido eficazmente los costos operativos y ha mostrado el potencial de las actualizaciones de fabricaci\u00f3n. Si su empresa tambi\u00e9n enfrenta desaf\u00edos de manejo, las carretillas elevadoras aut\u00f3nomas Reeman ser\u00e1n una opci\u00f3n ideal.  <\/p>\n\t\t\t\t\t\t\t\t<\/div>\n\t\t\t\t\t<\/div>\n\t\t\t\t<\/div>\n\t\t<div class=\"elementor-element elementor-element-bf5c8b1 e-flex e-con-boxed e-con e-parent\" data-id=\"bf5c8b1\" data-element_type=\"container\" data-e-type=\"container\">\n\t\t\t\t\t<div class=\"e-con-inner\">\n\t\t<div class=\"elementor-element elementor-element-0452060 e-con-full e-flex e-con e-child\" data-id=\"0452060\" data-element_type=\"container\" data-e-type=\"container\">\n\t\t<div class=\"elementor-element elementor-element-38a91d0 e-con-full e-flex e-con e-child\" data-id=\"38a91d0\" data-element_type=\"container\" data-e-type=\"container\">\n\t\t\t\t<div class=\"elementor-element elementor-element-5ec898c elementor-widget elementor-widget-button\" data-id=\"5ec898c\" data-element_type=\"widget\" data-e-type=\"widget\" data-widget_type=\"button.default\">\n\t\t\t\t\t\t\t\t\t\t<a class=\"elementor-button elementor-button-link elementor-size-sm\" href=\"https:\/\/reemanbot.com\/forklifts-empower-factories\/\">\n\t\t\t\t\t\t<span class=\"elementor-button-content-wrapper\">\n\t\t\t\t\t\t<span class=\"elementor-button-icon\">\n\t\t\t\t<svg aria-hidden=\"true\" class=\"e-font-icon-svg e-fas-arrow-left\" viewBox=\"0 0 448 512\" xmlns=\"http:\/\/www.w3.org\/2000\/svg\"><path d=\"M257.5 445.1l-22.2 22.2c-9.4 9.4-24.6 9.4-33.9 0L7 273c-9.4-9.4-9.4-24.6 0-33.9L201.4 44.7c9.4-9.4 24.6-9.4 33.9 0l22.2 22.2c9.5 9.5 9.3 25-.4 34.3L136.6 216H424c13.3 0 24 10.7 24 24v32c0 13.3-10.7 24-24 24H136.6l120.5 114.8c9.8 9.3 10 24.8.4 34.3z\"><\/path><\/svg>\t\t\t<\/span>\n\t\t\t\t\t\t\t\t\t<span class=\"elementor-button-text\">Anterior<\/span>\n\t\t\t\t\t<\/span>\n\t\t\t\t\t<\/a>\n\t\t\t\t\t\t\t\t<\/div>\n\t\t\t\t<\/div>\n\t\t<div class=\"elementor-element elementor-element-04c5ccc e-con-full e-flex e-con e-child\" data-id=\"04c5ccc\" data-element_type=\"container\" data-e-type=\"container\">\n\t\t\t\t<\/div>\n\t\t<div class=\"elementor-element elementor-element-09ee66a e-con-full e-flex e-con e-child\" data-id=\"09ee66a\" data-element_type=\"container\" data-e-type=\"container\">\n\t\t\t\t<\/div>\n\t\t<div class=\"elementor-element elementor-element-7995f8e e-con-full e-flex e-con e-child\" data-id=\"7995f8e\" data-element_type=\"container\" data-e-type=\"container\">\n\t\t\t\t<div class=\"elementor-element elementor-element-b76c098 elementor-widget elementor-widget-button\" data-id=\"b76c098\" data-element_type=\"widget\" data-e-type=\"widget\" data-widget_type=\"button.default\">\n\t\t\t\t\t\t\t\t\t\t<a class=\"elementor-button elementor-button-link elementor-size-sm\" href=\"https:\/\/reemanbot.com\/es\/carretillas-elevadoras-autonomas-una-nueva-fuerza-en-la-cadena-de-suministro-de-logistica-y-almacenamiento\/\">\n\t\t\t\t\t\t<span class=\"elementor-button-content-wrapper\">\n\t\t\t\t\t\t<span class=\"elementor-button-icon\">\n\t\t\t\t<svg aria-hidden=\"true\" class=\"e-font-icon-svg e-fas-arrow-right\" viewBox=\"0 0 448 512\" xmlns=\"http:\/\/www.w3.org\/2000\/svg\"><path d=\"M190.5 66.9l22.2-22.2c9.4-9.4 24.6-9.4 33.9 0L441 239c9.4 9.4 9.4 24.6 0 33.9L246.6 467.3c-9.4 9.4-24.6 9.4-33.9 0l-22.2-22.2c-9.5-9.5-9.3-25 .4-34.3L311.4 296H24c-13.3 0-24-10.7-24-24v-32c0-13.3 10.7-24 24-24h287.4L190.9 101.2c-9.8-9.3-10-24.8-.4-34.3z\"><\/path><\/svg>\t\t\t<\/span>\n\t\t\t\t\t\t\t\t\t<span class=\"elementor-button-text\">Pr\u00f3ximo<\/span>\n\t\t\t\t\t<\/span>\n\t\t\t\t\t<\/a>\n\t\t\t\t\t\t\t\t<\/div>\n\t\t\t\t<\/div>\n\t\t\t\t<\/div>\n\t\t\t\t\t<\/div>\n\t\t\t\t<\/div>\n\t\t\t\t<\/div>\n\t\t","protected":false},"excerpt":{"rendered":"<p>\u00bfC\u00f3mo pueden las carretillas elevadoras automatizadas cambiar la eficiencia de la manipulaci\u00f3n en f\u00e1brica? <a href=\"https:\/\/www.youtube.com\/watch?v=xpLqa1T4I9g\" rel=\"nofollow\">https:\/\/www.youtube.com\/watch?v=xpLqa1T4I9g<\/a> Antecedentes de la f\u00e1brica La [&hellip;]<\/p>\n","protected":false},"author":247580900,"featured_media":0,"parent":0,"menu_order":0,"comment_status":"closed","ping_status":"closed","template":"","meta":{"_crdt_document":"","om_disable_all_campaigns":false,"_uag_custom_page_level_css":"","advgb_blocks_editor_width":"","advgb_blocks_columns_visual_guide":"","site-sidebar-layout":"no-sidebar","site-content-layout":"","ast-site-content-layout":"full-width-container","site-content-style":"default","site-sidebar-style":"default","ast-global-header-display":"","ast-banner-title-visibility":"","ast-main-header-display":"","ast-hfb-above-header-display":"","ast-hfb-below-header-display":"","ast-hfb-mobile-header-display":"","site-post-title":"disabled","ast-breadcrumbs-content":"","ast-featured-img":"disabled","footer-sml-layout":"","theme-transparent-header-meta":"default","adv-header-id-meta":"","stick-header-meta":"","header-above-stick-meta":"","header-main-stick-meta":"","header-below-stick-meta":"","astra-migrate-meta-layouts":"default","ast-page-background-enabled":"default","ast-page-background-meta":{"desktop":{"background-color":"var(--ast-global-color-4)","background-image":"","background-repeat":"repeat","background-position":"center center","background-size":"auto","background-attachment":"scroll","background-type":"","background-media":"","overlay-type":"","overlay-color":"","overlay-opacity":"","overlay-gradient":""},"tablet":{"background-color":"","background-image":"","background-repeat":"repeat","background-position":"center center","background-size":"auto","background-attachment":"scroll","background-type":"","background-media":"","overlay-type":"","overlay-color":"","overlay-opacity":"","overlay-gradient":""},"mobile":{"background-color":"","background-image":"","background-repeat":"repeat","background-position":"center center","background-size":"auto","background-attachment":"scroll","background-type":"","background-media":"","overlay-type":"","overlay-color":"","overlay-opacity":"","overlay-gradient":""}},"ast-content-background-meta":{"desktop":{"background-color":"var(--ast-global-color-5)","background-image":"","background-repeat":"repeat","background-position":"center center","background-size":"auto","background-attachment":"scroll","background-type":"","background-media":"","overlay-type":"","overlay-color":"","overlay-opacity":"","overlay-gradient":""},"tablet":{"background-color":"var(--ast-global-color-5)","background-image":"","background-repeat":"repeat","background-position":"center center","background-size":"auto","background-attachment":"scroll","background-type":"","background-media":"","overlay-type":"","overlay-color":"","overlay-opacity":"","overlay-gradient":""},"mobile":{"background-color":"var(--ast-global-color-5)","background-image":"","background-repeat":"repeat","background-position":"center center","background-size":"auto","background-attachment":"scroll","background-type":"","background-media":"","overlay-type":"","overlay-color":"","overlay-opacity":"","overlay-gradient":""}},"jetpack_post_was_ever_published":false,"footnotes":""},"class_list":["post-8722","page","type-page","status-publish","hentry"],"aioseo_notices":[],"uagb_featured_image_src":{"full":false,"thumbnail":false,"medium":false,"medium_large":false,"large":false,"1536x1536":false,"2048x2048":false,"newspack-article-block-landscape-large":false,"newspack-article-block-portrait-large":false,"newspack-article-block-square-large":false,"newspack-article-block-landscape-medium":false,"newspack-article-block-portrait-medium":false,"newspack-article-block-square-medium":false,"newspack-article-block-landscape-intermediate":false,"newspack-article-block-portrait-intermediate":false,"newspack-article-block-square-intermediate":false,"newspack-article-block-landscape-small":false,"newspack-article-block-portrait-small":false,"newspack-article-block-square-small":false,"newspack-article-block-landscape-tiny":false,"newspack-article-block-portrait-tiny":false,"newspack-article-block-square-tiny":false,"newspack-article-block-uncropped":false},"uagb_author_info":{"display_name":"luo shunchao","author_link":"https:\/\/reemanbot.com\/es\/author\/luoshunchao2023\/"},"uagb_comment_info":0,"uagb_excerpt":"\u00bfC\u00f3mo pueden las carretillas elevadoras automatizadas cambiar la eficiencia de la manipulaci\u00f3n en f\u00e1brica? https:\/\/www.youtube.com\/watch?v=xpLqa1T4I9g Antecedentes de la f\u00e1brica La [&hellip;]","coauthors":[],"author_meta":{"author_link":"https:\/\/reemanbot.com\/es\/author\/luoshunchao2023\/","display_name":"luo shunchao"},"relative_dates":{"created":"Publicado 1 a\u00f1o hace","modified":"Actualizado 1 a\u00f1o hace"},"absolute_dates":{"created":"Publicado el 06\/11\/2024","modified":"Actualizado el 15\/11\/2024"},"absolute_dates_time":{"created":"Publicado el 06\/11\/2024 14:33","modified":"Actualizado el 15\/11\/2024 16:55"},"featured_img_caption":"","featured_img":false,"series_order":"","jetpack_likes_enabled":false,"jetpack_sharing_enabled":true,"jetpack_shortlink":"https:\/\/wp.me\/PfA2Xc-2gG","jetpack-related-posts":[{"id":8724,"url":"https:\/\/reemanbot.com\/es\/las-carretillas-elevadoras-potencian-las-fabricas\/","url_meta":{"origin":8722,"position":0},"title":"Las carretillas elevadoras potencian las f\u00e1bricas","author":"luo shunchao","date":"06\/11\/2024","format":false,"excerpt":"Operaci\u00f3n ininterrumpida las 24 horas del d\u00eda, los 7 d\u00edas de la semana, las carretillas elevadoras Reeman potencian las f\u00e1bricas https:\/\/www.youtube.com\/watch?v=LqAdlS4SnkcAntecedentes Introducci\u00f3n La f\u00e1brica cubre un \u00e1rea de 48,726 metros cuadrados e incluye m\u00faltiples \u00e1reas: un almac\u00e9n de materias primas de 3 pisos, un almac\u00e9n de almacenamiento en fr\u00edo, un\u2026","rel":"","context":"Entrada similar","block_context":{"text":"Entrada similar","link":""},"img":{"alt_text":"","src":"","width":0,"height":0},"classes":[]},{"id":8705,"url":"https:\/\/reemanbot.com\/es\/carretillas-elevadoras-autonomas-una-nueva-fuerza-en-la-cadena-de-suministro-de-logistica-y-almacenamiento\/","url_meta":{"origin":8722,"position":1},"title":"Carretillas elevadoras aut\u00f3nomas: una nueva fuerza en la cadena de suministro de log\u00edstica y almacenamiento","author":"luo shunchao","date":"08\/11\/2024","format":false,"excerpt":"Carretillas elevadoras aut\u00f3nomas: una nueva fuerza en la cadena de suministro de log\u00edstica y almacenamiento En un concurrido centro de la cadena de suministro de log\u00edstica y almacenamiento en Longhua, Shenzhen, Guangdong, China, todo tipo de productos de pal\u00e9s est\u00e1n dispuestos de manera ordenada, y las carretillas elevadoras aut\u00f3nomas transportan\u2026","rel":"","context":"Entrada similar","block_context":{"text":"Entrada similar","link":""},"img":{"alt_text":"null","src":"https:\/\/i0.wp.com\/reemanbot.com\/wp-content\/uploads\/2024\/11\/%E5%9B%BE%E7%89%8711.8.png?fit=1024%2C683&ssl=1&resize=350%2C200","width":350,"height":200,"srcset":"https:\/\/i0.wp.com\/reemanbot.com\/wp-content\/uploads\/2024\/11\/%E5%9B%BE%E7%89%8711.8.png?fit=1024%2C683&ssl=1&resize=350%2C200 1x, https:\/\/i0.wp.com\/reemanbot.com\/wp-content\/uploads\/2024\/11\/%E5%9B%BE%E7%89%8711.8.png?fit=1024%2C683&ssl=1&resize=525%2C300 1.5x, https:\/\/i0.wp.com\/reemanbot.com\/wp-content\/uploads\/2024\/11\/%E5%9B%BE%E7%89%8711.8.png?fit=1024%2C683&ssl=1&resize=700%2C400 2x"},"classes":[]},{"id":4236,"url":"https:\/\/reemanbot.com\/es\/","url_meta":{"origin":8722,"position":2},"title":"Proveedor profesional de robots de reparto","author":"luo shunchao","date":"05\/03\/2024","format":false,"excerpt":"Su socio experto en soluciones de rob\u00f3tica m\u00f3vil Explora m\u00e1s Carretilla elevadora autom\u00e1tica Robot de reparto Fly Boat Robot de reparto Big Dog Chasis de robot Moon Knight Su socio experto en soluciones de rob\u00f3tica m\u00f3vil Con una d\u00e9cada de experiencia en la industria, Reeman ofrece automatizaci\u00f3n de vanguardia a\u2026","rel":"","context":"Entrada similar","block_context":{"text":"Entrada similar","link":""},"img":{"alt_text":"Unmanned, self-guided forklifts","src":"https:\/\/reemanbot.com\/wp-content\/uploads\/2024\/03\/Ironhide.bmp","width":350,"height":200},"classes":[]},{"id":8733,"url":"https:\/\/reemanbot.com\/es\/carretilla-elevadora-autonoma-ironhide\/","url_meta":{"origin":8722,"position":3},"title":"Carretilla elevadora aut\u00f3noma Ironhide","author":"reemanbot","date":"03\/11\/2024","format":false,"excerpt":"Piel de hierro Carretilla elevadora aut\u00f3nomaPlataforma SDK abierta Plataforma de hardware y software completamente abierta, que proporciona una interfaz API, una rica documentaci\u00f3n de soportet\u00e9cnico, que ayuda al desarrollo del producto en todo momento. Plataforma de servicios en la nube La plataforma en la nube admite la navegaci\u00f3n remota para\u2026","rel":"","context":"Entrada similar","block_context":{"text":"Entrada similar","link":""},"img":{"alt_text":"Forklift load-bearing introduced","src":"https:\/\/i0.wp.com\/reemanbot.com\/wp-content\/uploads\/2024\/09\/%E5%8F%82%E6%95%B0%E5%9B%BE-%E9%80%8F%E6%98%8E%E5%BA%95.png?resize=350%2C200&ssl=1","width":350,"height":200,"srcset":"https:\/\/i0.wp.com\/reemanbot.com\/wp-content\/uploads\/2024\/09\/%E5%8F%82%E6%95%B0%E5%9B%BE-%E9%80%8F%E6%98%8E%E5%BA%95.png?resize=350%2C200&ssl=1 1x, https:\/\/i0.wp.com\/reemanbot.com\/wp-content\/uploads\/2024\/09\/%E5%8F%82%E6%95%B0%E5%9B%BE-%E9%80%8F%E6%98%8E%E5%BA%95.png?resize=525%2C300&ssl=1 1.5x"},"classes":[]},{"id":8885,"url":"https:\/\/reemanbot.com\/es\/stackman\/","url_meta":{"origin":8722,"position":4},"title":"Stackman","author":"luo shunchao","date":"26\/10\/2024","format":false,"excerpt":"Stackman 1200 Carretilla elevadora aut\u00f3noma Plataforma SDK abierta Plataforma de hardware y software completamente abierta, que proporciona una interfaz API, una rica documentaci\u00f3n de soportet\u00e9cnico, que ayuda al desarrollo del producto en todo momento. Plataforma de servicios en la nube La plataforma en la nube admite la navegaci\u00f3n remota para\u2026","rel":"","context":"Entrada similar","block_context":{"text":"Entrada similar","link":""},"img":{"alt_text":"","src":"","width":0,"height":0},"classes":[]},{"id":4074,"url":"https:\/\/reemanbot.com\/es\/carretilla-elevadora-autonoma\/","url_meta":{"origin":8722,"position":5},"title":"Carretilla elevadora aut\u00f3noma","author":"luo shunchao","date":"18\/03\/2024","format":false,"excerpt":"M\u00e1s informaci\u00f3n ->","rel":"","context":"Entrada similar","block_context":{"text":"Entrada similar","link":""},"img":{"alt_text":"","src":"https:\/\/i0.wp.com\/reemanbot.com\/wp-content\/uploads\/2024\/04\/%E7%BB%9D%E5%BD%B1.jpg?fit=300%2C300&ssl=1&resize=350%2C200","width":350,"height":200},"classes":[]}],"_links":{"self":[{"href":"https:\/\/reemanbot.com\/es\/wp-json\/wp\/v2\/pages\/8722","targetHints":{"allow":["GET"]}}],"collection":[{"href":"https:\/\/reemanbot.com\/es\/wp-json\/wp\/v2\/pages"}],"about":[{"href":"https:\/\/reemanbot.com\/es\/wp-json\/wp\/v2\/types\/page"}],"author":[{"embeddable":true,"href":"https:\/\/reemanbot.com\/es\/wp-json\/wp\/v2\/users\/247580900"}],"replies":[{"embeddable":true,"href":"https:\/\/reemanbot.com\/es\/wp-json\/wp\/v2\/comments?post=8722"}],"version-history":[{"count":1,"href":"https:\/\/reemanbot.com\/es\/wp-json\/wp\/v2\/pages\/8722\/revisions"}],"predecessor-version":[{"id":8723,"href":"https:\/\/reemanbot.com\/es\/wp-json\/wp\/v2\/pages\/8722\/revisions\/8723"}],"wp:attachment":[{"href":"https:\/\/reemanbot.com\/es\/wp-json\/wp\/v2\/media?parent=8722"}],"curies":[{"name":"wp","href":"https:\/\/api.w.org\/{rel}","templated":true}]}}